{"id":3827,"date":"2025-03-27T19:14:20","date_gmt":"2025-03-27T19:14:20","guid":{"rendered":"https:\/\/casadolivreiro.pt\/?post_type=product&#038;p=3827"},"modified":"2025-03-27T19:14:20","modified_gmt":"2025-03-27T19:14:20","slug":"o-principio-de-peter-dr-laurence-j-peter-e-raymond-hull","status":"publish","type":"product","link":"https:\/\/casadolivreiro.pt\/index.php\/product\/o-principio-de-peter-dr-laurence-j-peter-e-raymond-hull\/","title":{"rendered":"O PRINCIPIO DE PETER \u2013 Dr. Laurence J. Peter e Raymond Hull"},"content":{"rendered":"<p>O PRINCIPIO DE PETER \u2013 Dr. Laurence J. Peter e Raymond Hull<\/p>\n<p>Tradu\u00e7\u00e3o de M. Bento e Patricia Joyce<\/p>\n<p>Ano de edi\u00e7\u00e3o: 1971<\/p>\n<p>Editor: Editorial Futura<\/p>\n<p>Idioma: Portugu\u00eas<\/p>\n<p>Dimens\u00f5es: 13.5 x 1.8 x 21cm<\/p>\n<p>Encaderna\u00e7\u00e3o: Capa mole<\/p>\n<p>P\u00e1ginas: 216<\/p>\n","protected":false},"excerpt":{"rendered":"<p>O PRINCIPIO DE PETER \u2013 Dr. Laurence J. Peter e Raymond Hull Tradu\u00e7\u00e3o de M. Bento e Patricia Joyce Ano de edi\u00e7\u00e3o: 1971 Editor: Editorial Futura Idioma: Portugu\u00eas Dimens\u00f5es: 13.5 x 1.8 x 21cm Encaderna\u00e7\u00e3o: Capa mole P\u00e1ginas: 216<\/p>\n","protected":false},"featured_media":3828,"comment_status":"open","ping_status":"closed","template":"","meta":{"om_disable_all_campaigns":false,"_monsterinsights_skip_tracking":false,"_monsterinsights_sitenote_active":false,"_monsterinsights_sitenote_note":"","_monsterinsights_sitenote_category":0,"_uf_show_specific_survey":0,"_uf_disable_surveys":false},"product_cat":[31,41,47,29],"product_tag":[],"aioseo_notices":[],"jetpack_sharing_enabled":true,"_links":{"self":[{"href":"https:\/\/casadolivreiro.pt\/index.php\/wp-json\/wp\/v2\/product\/3827"}],"collection":[{"href":"https:\/\/casadolivreiro.pt\/index.php\/wp-json\/wp\/v2\/product"}],"about":[{"href":"https:\/\/casadolivreiro.pt\/index.php\/wp-json\/wp\/v2\/types\/product"}],"replies":[{"embeddable":true,"href":"https:\/\/casadolivreiro.pt\/index.php\/wp-json\/wp\/v2\/comments?post=3827"}],"wp:featuredmedia":[{"embeddable":true,"href":"https:\/\/casadolivreiro.pt\/index.php\/wp-json\/wp\/v2\/media\/3828"}],"wp:attachment":[{"href":"https:\/\/casadolivreiro.pt\/index.php\/wp-json\/wp\/v2\/media?parent=3827"}],"wp:term":[{"taxonomy":"product_cat","embeddable":true,"href":"https:\/\/casadolivreiro.pt\/index.php\/wp-json\/wp\/v2\/product_cat?post=3827"},{"taxonomy":"product_tag","embeddable":true,"href":"https:\/\/casadolivreiro.pt\/index.php\/wp-json\/wp\/v2\/product_tag?post=3827"}],"curies":[{"name":"wp","href":"https:\/\/api.w.org\/{rel}","templated":true}]}}