{"id":3819,"date":"2025-03-27T17:45:53","date_gmt":"2025-03-27T17:45:53","guid":{"rendered":"https:\/\/casadolivreiro.pt\/?post_type=product&#038;p=3819"},"modified":"2025-03-27T17:45:53","modified_gmt":"2025-03-27T17:45:53","slug":"por-mares-antes-navegados-jose-de-guimaraes-na-rota-dos-descobrimentos-e-do-encontro-de-culturas-joao-cerqueira","status":"publish","type":"product","link":"https:\/\/casadolivreiro.pt\/index.php\/product\/por-mares-antes-navegados-jose-de-guimaraes-na-rota-dos-descobrimentos-e-do-encontro-de-culturas-joao-cerqueira\/","title":{"rendered":"POR MARES ANTES NAVEGADOS: Jos\u00e9 de Guimar\u00e3es, Na Rota dos Descobrimentos e do Encontro de Culturas \u2013 Jo\u00e3o Cerqueira"},"content":{"rendered":"<p>POR MARES ANTES NAVEGADOS: Jos\u00e9 de Guimar\u00e3es, Na Rota dos Descobrimentos e do Encontro de Culturas \u2013 Jo\u00e3o Cerqueira<\/p>\n<p>Ano de edi\u00e7\u00e3o: 2014<\/p>\n<p>Editor: Paco Editorial, S\u00e3o Paulo<\/p>\n<p>Idioma: Portugu\u00eas<\/p>\n<p>Dimens\u00f5es: 14 x 0.9 x 21 cm<\/p>\n<p>Encaderna\u00e7\u00e3o: Capa mole<\/p>\n<p>P\u00e1ginas: 161<\/p>\n","protected":false},"excerpt":{"rendered":"<p>POR MARES ANTES NAVEGADOS: Jos\u00e9 de Guimar\u00e3es, Na Rota dos Descobrimentos e do Encontro de Culturas \u2013 Jo\u00e3o Cerqueira Ano de edi\u00e7\u00e3o: 2014 Editor: Paco Editorial, S\u00e3o Paulo Idioma: Portugu\u00eas Dimens\u00f5es: 14 x 0.9 x 21 cm Encaderna\u00e7\u00e3o: Capa mole P\u00e1ginas: 161<\/p>\n","protected":false},"featured_media":3820,"comment_status":"open","ping_status":"closed","template":"","meta":{"om_disable_all_campaigns":false,"_monsterinsights_skip_tracking":false,"_monsterinsights_sitenote_active":false,"_monsterinsights_sitenote_note":"","_monsterinsights_sitenote_category":0,"_uf_show_specific_survey":0,"_uf_disable_surveys":false},"product_cat":[24,28,62],"product_tag":[],"aioseo_notices":[],"jetpack_sharing_enabled":true,"_links":{"self":[{"href":"https:\/\/casadolivreiro.pt\/index.php\/wp-json\/wp\/v2\/product\/3819"}],"collection":[{"href":"https:\/\/casadolivreiro.pt\/index.php\/wp-json\/wp\/v2\/product"}],"about":[{"href":"https:\/\/casadolivreiro.pt\/index.php\/wp-json\/wp\/v2\/types\/product"}],"replies":[{"embeddable":true,"href":"https:\/\/casadolivreiro.pt\/index.php\/wp-json\/wp\/v2\/comments?post=3819"}],"wp:featuredmedia":[{"embeddable":true,"href":"https:\/\/casadolivreiro.pt\/index.php\/wp-json\/wp\/v2\/media\/3820"}],"wp:attachment":[{"href":"https:\/\/casadolivreiro.pt\/index.php\/wp-json\/wp\/v2\/media?parent=3819"}],"wp:term":[{"taxonomy":"product_cat","embeddable":true,"href":"https:\/\/casadolivreiro.pt\/index.php\/wp-json\/wp\/v2\/product_cat?post=3819"},{"taxonomy":"product_tag","embeddable":true,"href":"https:\/\/casadolivreiro.pt\/index.php\/wp-json\/wp\/v2\/product_tag?post=3819"}],"curies":[{"name":"wp","href":"https:\/\/api.w.org\/{rel}","templated":true}]}}