{"id":3815,"date":"2025-03-27T17:17:40","date_gmt":"2025-03-27T17:17:40","guid":{"rendered":"https:\/\/casadolivreiro.pt\/?post_type=product&#038;p=3815"},"modified":"2025-03-27T17:17:40","modified_gmt":"2025-03-27T17:17:40","slug":"o-futuro-decifrado-compilacoes-dos-escritos-de-ellen-g-white","status":"publish","type":"product","link":"https:\/\/casadolivreiro.pt\/index.php\/product\/o-futuro-decifrado-compilacoes-dos-escritos-de-ellen-g-white\/","title":{"rendered":"O FUTURO DECIFRADO &#8211; Compila\u00e7\u00f5es dos Escritos de Ellen G. White"},"content":{"rendered":"<p>O FUTURO DECIFRADO &#8211; Compila\u00e7\u00f5es dos Escritos de Ellen G. White<\/p>\n<p>Ano de edi\u00e7\u00e3o: 2006<\/p>\n<p>Editor: Edi\u00e7\u00f5es Une, Lisboa<\/p>\n<p>Idioma: Portugu\u00eas<\/p>\n<p>Dimens\u00f5es: 12.4 x 0.9 x 18.3 cm<\/p>\n<p>Encaderna\u00e7\u00e3o: Capa mole<\/p>\n<p>P\u00e1ginas: 143<\/p>\n","protected":false},"excerpt":{"rendered":"<p>O FUTURO DECIFRADO &#8211; Compila\u00e7\u00f5es dos Escritos de Ellen G. White Ano de edi\u00e7\u00e3o: 2006 Editor: Edi\u00e7\u00f5es Une, Lisboa Idioma: Portugu\u00eas Dimens\u00f5es: 12.4 x 0.9 x 18.3 cm Encaderna\u00e7\u00e3o: Capa mole P\u00e1ginas: 143<\/p>\n","protected":false},"featured_media":3816,"comment_status":"open","ping_status":"closed","template":"","meta":{"om_disable_all_campaigns":false,"_monsterinsights_skip_tracking":false,"_monsterinsights_sitenote_active":false,"_monsterinsights_sitenote_note":"","_monsterinsights_sitenote_category":0,"_uf_show_specific_survey":0,"_uf_disable_surveys":false},"product_cat":[33,29],"product_tag":[],"aioseo_notices":[],"jetpack_sharing_enabled":true,"_links":{"self":[{"href":"https:\/\/casadolivreiro.pt\/index.php\/wp-json\/wp\/v2\/product\/3815"}],"collection":[{"href":"https:\/\/casadolivreiro.pt\/index.php\/wp-json\/wp\/v2\/product"}],"about":[{"href":"https:\/\/casadolivreiro.pt\/index.php\/wp-json\/wp\/v2\/types\/product"}],"replies":[{"embeddable":true,"href":"https:\/\/casadolivreiro.pt\/index.php\/wp-json\/wp\/v2\/comments?post=3815"}],"wp:featuredmedia":[{"embeddable":true,"href":"https:\/\/casadolivreiro.pt\/index.php\/wp-json\/wp\/v2\/media\/3816"}],"wp:attachment":[{"href":"https:\/\/casadolivreiro.pt\/index.php\/wp-json\/wp\/v2\/media?parent=3815"}],"wp:term":[{"taxonomy":"product_cat","embeddable":true,"href":"https:\/\/casadolivreiro.pt\/index.php\/wp-json\/wp\/v2\/product_cat?post=3815"},{"taxonomy":"product_tag","embeddable":true,"href":"https:\/\/casadolivreiro.pt\/index.php\/wp-json\/wp\/v2\/product_tag?post=3815"}],"curies":[{"name":"wp","href":"https:\/\/api.w.org\/{rel}","templated":true}]}}