{"id":3813,"date":"2025-03-27T17:11:33","date_gmt":"2025-03-27T17:11:33","guid":{"rendered":"https:\/\/casadolivreiro.pt\/?post_type=product&#038;p=3813"},"modified":"2025-03-27T17:11:33","modified_gmt":"2025-03-27T17:11:33","slug":"um-processo-comum-na-urss-o-dr-stern-perante-os-seus-juizes","status":"publish","type":"product","link":"https:\/\/casadolivreiro.pt\/index.php\/product\/um-processo-comum-na-urss-o-dr-stern-perante-os-seus-juizes\/","title":{"rendered":"UM PROCESSO \u201cCOMUM\u201d NA URSS \u2013 O Dr. Stern perante os seus juizes"},"content":{"rendered":"<p>UM PROCESSO \u201cCOMUM\u201d NA URSS \u2013 O Dr. Stern perante os seus juizes<\/p>\n<p>Tradu\u00e7\u00e3o de L\u00eddia Meunier<\/p>\n<p>Colec\u00e7\u00e3o Arquivos de sempre<\/p>\n<p>Ano de edi\u00e7\u00e3o: 1977<\/p>\n<p>Editor: Edi\u00e7\u00f5es Ant\u00f3nio Ramos, Lisboa<\/p>\n<p>Idioma: Portugu\u00eas<\/p>\n<p>Dimens\u00f5es: 13.7 x 2.3 x 21.5 cm<\/p>\n<p>Encaderna\u00e7\u00e3o: Capa mole<\/p>\n<p>P\u00e1ginas: 364<\/p>\n","protected":false},"excerpt":{"rendered":"<p>UM PROCESSO \u201cCOMUM\u201d NA URSS \u2013 O Dr. Stern perante os seus juizes Tradu\u00e7\u00e3o de L\u00eddia Meunier Colec\u00e7\u00e3o Arquivos de sempre Ano de edi\u00e7\u00e3o: 1977 Editor: Edi\u00e7\u00f5es Ant\u00f3nio Ramos, Lisboa Idioma: Portugu\u00eas Dimens\u00f5es: 13.7 x 2.3 x 21.5 cm Encaderna\u00e7\u00e3o: Capa mole P\u00e1ginas: 364<\/p>\n","protected":false},"featured_media":3814,"comment_status":"open","ping_status":"closed","template":"","meta":{"om_disable_all_campaigns":false,"_monsterinsights_skip_tracking":false,"_monsterinsights_sitenote_active":false,"_monsterinsights_sitenote_note":"","_monsterinsights_sitenote_category":0,"_uf_show_specific_survey":0,"_uf_disable_surveys":false},"product_cat":[30,51],"product_tag":[],"aioseo_notices":[],"jetpack_sharing_enabled":true,"_links":{"self":[{"href":"https:\/\/casadolivreiro.pt\/index.php\/wp-json\/wp\/v2\/product\/3813"}],"collection":[{"href":"https:\/\/casadolivreiro.pt\/index.php\/wp-json\/wp\/v2\/product"}],"about":[{"href":"https:\/\/casadolivreiro.pt\/index.php\/wp-json\/wp\/v2\/types\/product"}],"replies":[{"embeddable":true,"href":"https:\/\/casadolivreiro.pt\/index.php\/wp-json\/wp\/v2\/comments?post=3813"}],"wp:featuredmedia":[{"embeddable":true,"href":"https:\/\/casadolivreiro.pt\/index.php\/wp-json\/wp\/v2\/media\/3814"}],"wp:attachment":[{"href":"https:\/\/casadolivreiro.pt\/index.php\/wp-json\/wp\/v2\/media?parent=3813"}],"wp:term":[{"taxonomy":"product_cat","embeddable":true,"href":"https:\/\/casadolivreiro.pt\/index.php\/wp-json\/wp\/v2\/product_cat?post=3813"},{"taxonomy":"product_tag","embeddable":true,"href":"https:\/\/casadolivreiro.pt\/index.php\/wp-json\/wp\/v2\/product_tag?post=3813"}],"curies":[{"name":"wp","href":"https:\/\/api.w.org\/{rel}","templated":true}]}}