{"id":3809,"date":"2025-03-27T16:54:16","date_gmt":"2025-03-27T16:54:16","guid":{"rendered":"https:\/\/casadolivreiro.pt\/?post_type=product&#038;p=3809"},"modified":"2025-03-27T16:54:16","modified_gmt":"2025-03-27T16:54:16","slug":"historia-da-informatica-edicao-comemorativa-10-anos","status":"publish","type":"product","link":"https:\/\/casadolivreiro.pt\/index.php\/product\/historia-da-informatica-edicao-comemorativa-10-anos\/","title":{"rendered":"HIST\u00d3RIA DA INFORM\u00c1TICA: Edi\u00e7\u00e3o comemorativa 10 anos"},"content":{"rendered":"<p>HIST\u00d3RIA DA INFORM\u00c1TICA: Edi\u00e7\u00e3o comemorativa 10 anos<\/p>\n<p>Ano de edi\u00e7\u00e3o: 2005<\/p>\n<p>Editor: Exame Inform\u00e1tica<\/p>\n<p>Idioma: Portugu\u00eas<\/p>\n<p>Dimens\u00f5es: 13.5 x 0.3 x 20.3 cm<\/p>\n<p>Encaderna\u00e7\u00e3o: Capa mole<\/p>\n<p>P\u00e1ginas: 66<\/p>\n","protected":false},"excerpt":{"rendered":"<p>HIST\u00d3RIA DA INFORM\u00c1TICA: Edi\u00e7\u00e3o comemorativa 10 anos Ano de edi\u00e7\u00e3o: 2005 Editor: Exame Inform\u00e1tica Idioma: Portugu\u00eas Dimens\u00f5es: 13.5 x 0.3 x 20.3 cm Encaderna\u00e7\u00e3o: Capa mole P\u00e1ginas: 66<\/p>\n","protected":false},"featured_media":3810,"comment_status":"open","ping_status":"closed","template":"","meta":{"om_disable_all_campaigns":false,"_monsterinsights_skip_tracking":false,"_monsterinsights_sitenote_active":false,"_monsterinsights_sitenote_note":"","_monsterinsights_sitenote_category":0,"_uf_show_specific_survey":0,"_uf_disable_surveys":false},"product_cat":[48,65],"product_tag":[],"aioseo_notices":[],"jetpack_sharing_enabled":true,"_links":{"self":[{"href":"https:\/\/casadolivreiro.pt\/index.php\/wp-json\/wp\/v2\/product\/3809"}],"collection":[{"href":"https:\/\/casadolivreiro.pt\/index.php\/wp-json\/wp\/v2\/product"}],"about":[{"href":"https:\/\/casadolivreiro.pt\/index.php\/wp-json\/wp\/v2\/types\/product"}],"replies":[{"embeddable":true,"href":"https:\/\/casadolivreiro.pt\/index.php\/wp-json\/wp\/v2\/comments?post=3809"}],"wp:featuredmedia":[{"embeddable":true,"href":"https:\/\/casadolivreiro.pt\/index.php\/wp-json\/wp\/v2\/media\/3810"}],"wp:attachment":[{"href":"https:\/\/casadolivreiro.pt\/index.php\/wp-json\/wp\/v2\/media?parent=3809"}],"wp:term":[{"taxonomy":"product_cat","embeddable":true,"href":"https:\/\/casadolivreiro.pt\/index.php\/wp-json\/wp\/v2\/product_cat?post=3809"},{"taxonomy":"product_tag","embeddable":true,"href":"https:\/\/casadolivreiro.pt\/index.php\/wp-json\/wp\/v2\/product_tag?post=3809"}],"curies":[{"name":"wp","href":"https:\/\/api.w.org\/{rel}","templated":true}]}}