{"id":3807,"date":"2025-03-27T16:46:57","date_gmt":"2025-03-27T16:46:57","guid":{"rendered":"https:\/\/casadolivreiro.pt\/?post_type=product&#038;p=3807"},"modified":"2025-03-27T16:54:49","modified_gmt":"2025-03-27T16:54:49","slug":"diana-biografia-de-la-princesa-pilar-munos-joan-jolis","status":"publish","type":"product","link":"https:\/\/casadolivreiro.pt\/index.php\/product\/diana-biografia-de-la-princesa-pilar-munos-joan-jolis\/","title":{"rendered":"DIANA: BIOGRAFIA DE LA PRINCESA \u2013 Pilar Mu\u00f1os, Joan Jolis"},"content":{"rendered":"<p>DIANA: BIOGRAFIA DE LA PRINCESA \u2013 Pilar Mu\u00f1os, Joan Jolis<\/p>\n<p>Ano de edi\u00e7\u00e3o: 1997<\/p>\n<p>Editor: Pronto, Barcelona<\/p>\n<p>Idioma: Espanhol<\/p>\n<p>Dimens\u00f5es: 12.5 x 0.9 x 20.5 cm<\/p>\n<p>Encaderna\u00e7\u00e3o: Capa mole<\/p>\n<p>P\u00e1ginas: 126<\/p>\n","protected":false},"excerpt":{"rendered":"<p>DIANA: BIOGRAFIA DE LA PRINCESA \u2013 Pilar Mu\u00f1os, Joan Jolis Ano de edi\u00e7\u00e3o: 1997 Editor: Pronto, Barcelona Idioma: Espanhol Dimens\u00f5es: 12.5 x 0.9 x 20.5 cm Encaderna\u00e7\u00e3o: Capa mole P\u00e1ginas: 126<\/p>\n","protected":false},"featured_media":3808,"comment_status":"open","ping_status":"closed","template":"","meta":{"om_disable_all_campaigns":false,"_monsterinsights_skip_tracking":false,"_monsterinsights_sitenote_active":false,"_monsterinsights_sitenote_note":"","_monsterinsights_sitenote_category":0,"_uf_show_specific_survey":0,"_uf_disable_surveys":false},"product_cat":[28,57],"product_tag":[],"aioseo_notices":[],"jetpack_sharing_enabled":true,"_links":{"self":[{"href":"https:\/\/casadolivreiro.pt\/index.php\/wp-json\/wp\/v2\/product\/3807"}],"collection":[{"href":"https:\/\/casadolivreiro.pt\/index.php\/wp-json\/wp\/v2\/product"}],"about":[{"href":"https:\/\/casadolivreiro.pt\/index.php\/wp-json\/wp\/v2\/types\/product"}],"replies":[{"embeddable":true,"href":"https:\/\/casadolivreiro.pt\/index.php\/wp-json\/wp\/v2\/comments?post=3807"}],"wp:featuredmedia":[{"embeddable":true,"href":"https:\/\/casadolivreiro.pt\/index.php\/wp-json\/wp\/v2\/media\/3808"}],"wp:attachment":[{"href":"https:\/\/casadolivreiro.pt\/index.php\/wp-json\/wp\/v2\/media?parent=3807"}],"wp:term":[{"taxonomy":"product_cat","embeddable":true,"href":"https:\/\/casadolivreiro.pt\/index.php\/wp-json\/wp\/v2\/product_cat?post=3807"},{"taxonomy":"product_tag","embeddable":true,"href":"https:\/\/casadolivreiro.pt\/index.php\/wp-json\/wp\/v2\/product_tag?post=3807"}],"curies":[{"name":"wp","href":"https:\/\/api.w.org\/{rel}","templated":true}]}}