{"id":3791,"date":"2025-03-27T15:29:45","date_gmt":"2025-03-27T15:29:45","guid":{"rendered":"https:\/\/casadolivreiro.pt\/?post_type=product&#038;p=3791"},"modified":"2025-03-27T15:29:45","modified_gmt":"2025-03-27T15:29:45","slug":"dicionario-de-legislacao-do-ensino-primario-elementar-j-neves-chorao","status":"publish","type":"product","link":"https:\/\/casadolivreiro.pt\/index.php\/product\/dicionario-de-legislacao-do-ensino-primario-elementar-j-neves-chorao\/","title":{"rendered":"DICION\u00c1RIO DE LEGISLA\u00c7\u00c3O DO ENSINO PRIM\u00c1RIO ELEMENTAR \u2013 J. Neves Chor\u00e2o"},"content":{"rendered":"<p>DICION\u00c1RIO DE LEGISLA\u00c7\u00c3O DO ENSINO PRIM\u00c1RIO ELEMENTAR \u2013 J. Neves Chor\u00e2o<\/p>\n<p>Ano de edi\u00e7\u00e3o:<\/p>\n<p>Editor: Porto Editora, Porto<\/p>\n<p>Idioma: Portugu\u00eas<\/p>\n<p>Dimens\u00f5es: 14.8 x 1.1 x 20.8 cm<\/p>\n<p>Encaderna\u00e7\u00e3o: Capa mole<\/p>\n<p>P\u00e1ginas: 240<\/p>\n","protected":false},"excerpt":{"rendered":"<p>DICION\u00c1RIO DE LEGISLA\u00c7\u00c3O DO ENSINO PRIM\u00c1RIO ELEMENTAR \u2013 J. Neves Chor\u00e2o Ano de edi\u00e7\u00e3o: Editor: Porto Editora, Porto Idioma: Portugu\u00eas Dimens\u00f5es: 14.8 x 1.1 x 20.8 cm Encaderna\u00e7\u00e3o: Capa mole P\u00e1ginas: 240<\/p>\n","protected":false},"featured_media":3792,"comment_status":"open","ping_status":"closed","template":"","meta":{"om_disable_all_campaigns":false,"_monsterinsights_skip_tracking":false,"_monsterinsights_sitenote_active":false,"_monsterinsights_sitenote_note":"","_monsterinsights_sitenote_category":0,"_uf_show_specific_survey":0,"_uf_disable_surveys":false},"product_cat":[42,47],"product_tag":[],"aioseo_notices":[],"jetpack_sharing_enabled":true,"_links":{"self":[{"href":"https:\/\/casadolivreiro.pt\/index.php\/wp-json\/wp\/v2\/product\/3791"}],"collection":[{"href":"https:\/\/casadolivreiro.pt\/index.php\/wp-json\/wp\/v2\/product"}],"about":[{"href":"https:\/\/casadolivreiro.pt\/index.php\/wp-json\/wp\/v2\/types\/product"}],"replies":[{"embeddable":true,"href":"https:\/\/casadolivreiro.pt\/index.php\/wp-json\/wp\/v2\/comments?post=3791"}],"wp:featuredmedia":[{"embeddable":true,"href":"https:\/\/casadolivreiro.pt\/index.php\/wp-json\/wp\/v2\/media\/3792"}],"wp:attachment":[{"href":"https:\/\/casadolivreiro.pt\/index.php\/wp-json\/wp\/v2\/media?parent=3791"}],"wp:term":[{"taxonomy":"product_cat","embeddable":true,"href":"https:\/\/casadolivreiro.pt\/index.php\/wp-json\/wp\/v2\/product_cat?post=3791"},{"taxonomy":"product_tag","embeddable":true,"href":"https:\/\/casadolivreiro.pt\/index.php\/wp-json\/wp\/v2\/product_tag?post=3791"}],"curies":[{"name":"wp","href":"https:\/\/api.w.org\/{rel}","templated":true}]}}