{"id":3785,"date":"2025-03-27T14:58:28","date_gmt":"2025-03-27T14:58:28","guid":{"rendered":"https:\/\/casadolivreiro.pt\/?post_type=product&#038;p=3785"},"modified":"2025-03-27T14:58:28","modified_gmt":"2025-03-27T14:58:28","slug":"introducao-a-politica-jean-pierre-lassale","status":"publish","type":"product","link":"https:\/\/casadolivreiro.pt\/index.php\/product\/introducao-a-politica-jean-pierre-lassale\/","title":{"rendered":"INTRODU\u00c7\u00c3O \u00c0 POL\u00cdTICA \u2013 Jean-Pierre Lassale"},"content":{"rendered":"<p>INTRODU\u00c7\u00c3O \u00c0 POL\u00cdTICA \u2013 Jean-Pierre Lassale<\/p>\n<p>Tradu\u00e7\u00e3o de Alice Nicolau e Ant\u00f3nio Pescada<\/p>\n<p>Colec\u00e7\u00e3o Universidade Moderna\u00a0 #1<\/p>\n<p>Ano de edi\u00e7\u00e3o: 1977<\/p>\n<p>Editor: Dom Quixote<\/p>\n<p>Idioma: Portugu\u00eas<\/p>\n<p>Dimens\u00f5es: 13.5 x 1.1 x 21 cm<\/p>\n<p>Encaderna\u00e7\u00e3o: Capa mole<\/p>\n<p>P\u00e1ginas: 169<\/p>\n","protected":false},"excerpt":{"rendered":"<p>INTRODU\u00c7\u00c3O \u00c0 POL\u00cdTICA \u2013 Jean-Pierre Lassale Tradu\u00e7\u00e3o de Alice Nicolau e Ant\u00f3nio Pescada Colec\u00e7\u00e3o Universidade Moderna\u00a0 #1 Ano de edi\u00e7\u00e3o: 1977 Editor: Dom Quixote Idioma: Portugu\u00eas Dimens\u00f5es: 13.5 x 1.1 x 21 cm Encaderna\u00e7\u00e3o: Capa mole P\u00e1ginas: 169<\/p>\n","protected":false},"featured_media":3786,"comment_status":"open","ping_status":"closed","template":"","meta":{"om_disable_all_campaigns":false,"_monsterinsights_skip_tracking":false,"_monsterinsights_sitenote_active":false,"_monsterinsights_sitenote_note":"","_monsterinsights_sitenote_category":0,"_uf_show_specific_survey":0,"_uf_disable_surveys":false},"product_cat":[47,51],"product_tag":[],"aioseo_notices":[],"jetpack_sharing_enabled":true,"_links":{"self":[{"href":"https:\/\/casadolivreiro.pt\/index.php\/wp-json\/wp\/v2\/product\/3785"}],"collection":[{"href":"https:\/\/casadolivreiro.pt\/index.php\/wp-json\/wp\/v2\/product"}],"about":[{"href":"https:\/\/casadolivreiro.pt\/index.php\/wp-json\/wp\/v2\/types\/product"}],"replies":[{"embeddable":true,"href":"https:\/\/casadolivreiro.pt\/index.php\/wp-json\/wp\/v2\/comments?post=3785"}],"wp:featuredmedia":[{"embeddable":true,"href":"https:\/\/casadolivreiro.pt\/index.php\/wp-json\/wp\/v2\/media\/3786"}],"wp:attachment":[{"href":"https:\/\/casadolivreiro.pt\/index.php\/wp-json\/wp\/v2\/media?parent=3785"}],"wp:term":[{"taxonomy":"product_cat","embeddable":true,"href":"https:\/\/casadolivreiro.pt\/index.php\/wp-json\/wp\/v2\/product_cat?post=3785"},{"taxonomy":"product_tag","embeddable":true,"href":"https:\/\/casadolivreiro.pt\/index.php\/wp-json\/wp\/v2\/product_tag?post=3785"}],"curies":[{"name":"wp","href":"https:\/\/api.w.org\/{rel}","templated":true}]}}