{"id":3781,"date":"2025-03-27T14:44:40","date_gmt":"2025-03-27T14:44:40","guid":{"rendered":"https:\/\/casadolivreiro.pt\/?post_type=product&#038;p=3781"},"modified":"2025-03-27T14:44:40","modified_gmt":"2025-03-27T14:44:40","slug":"afinal-o-que-e-a-democracia-paritaria-a-participacao-das-mulheres-e-dos-homens-na-organizacao-social-alianca-para-a-democracia-paritaria","status":"publish","type":"product","link":"https:\/\/casadolivreiro.pt\/index.php\/product\/afinal-o-que-e-a-democracia-paritaria-a-participacao-das-mulheres-e-dos-homens-na-organizacao-social-alianca-para-a-democracia-paritaria\/","title":{"rendered":"AFINAL, O QUE \u00c9 A DEMOCRACIA PARIT\u00c1RIA? A participa\u00e7\u00e3o das mulheres e dos homens na organiza\u00e7\u00e3o social \u2013 Alian\u00e7a para a democracia parit\u00e1ria"},"content":{"rendered":"<p>AFINAL, O QUE \u00c9 A DEMOCRACIA PARIT\u00c1RIA? A participa\u00e7\u00e3o das mulheres e dos homens na organiza\u00e7\u00e3o social \u2013 Alian\u00e7a para a democracia parit\u00e1ria<\/p>\n<p>Ano de edi\u00e7\u00e3o: 2002<\/p>\n<p>Editor: Comiss\u00e3o para a igualdade e para os direitos das mulheres<\/p>\n<p>Idioma: Portugu\u00eas<\/p>\n<p>Dimens\u00f5es: 14.9 x 0.4 x 21 cm<\/p>\n<p>Encaderna\u00e7\u00e3o: Capa mole<\/p>\n<p>P\u00e1ginas: 58<\/p>\n","protected":false},"excerpt":{"rendered":"<p>AFINAL, O QUE \u00c9 A DEMOCRACIA PARIT\u00c1RIA? A participa\u00e7\u00e3o das mulheres e dos homens na organiza\u00e7\u00e3o social \u2013 Alian\u00e7a para a democracia parit\u00e1ria Ano de edi\u00e7\u00e3o: 2002 Editor: Comiss\u00e3o para a igualdade e para os direitos das mulheres Idioma: Portugu\u00eas Dimens\u00f5es: 14.9 x 0.4 x 21 cm Encaderna\u00e7\u00e3o: Capa mole P\u00e1ginas: 58<\/p>\n","protected":false},"featured_media":3782,"comment_status":"open","ping_status":"closed","template":"","meta":{"om_disable_all_campaigns":false,"_monsterinsights_skip_tracking":false,"_monsterinsights_sitenote_active":false,"_monsterinsights_sitenote_note":"","_monsterinsights_sitenote_category":0,"_uf_show_specific_survey":0,"_uf_disable_surveys":false},"product_cat":[31,51],"product_tag":[],"aioseo_notices":[],"jetpack_sharing_enabled":true,"_links":{"self":[{"href":"https:\/\/casadolivreiro.pt\/index.php\/wp-json\/wp\/v2\/product\/3781"}],"collection":[{"href":"https:\/\/casadolivreiro.pt\/index.php\/wp-json\/wp\/v2\/product"}],"about":[{"href":"https:\/\/casadolivreiro.pt\/index.php\/wp-json\/wp\/v2\/types\/product"}],"replies":[{"embeddable":true,"href":"https:\/\/casadolivreiro.pt\/index.php\/wp-json\/wp\/v2\/comments?post=3781"}],"wp:featuredmedia":[{"embeddable":true,"href":"https:\/\/casadolivreiro.pt\/index.php\/wp-json\/wp\/v2\/media\/3782"}],"wp:attachment":[{"href":"https:\/\/casadolivreiro.pt\/index.php\/wp-json\/wp\/v2\/media?parent=3781"}],"wp:term":[{"taxonomy":"product_cat","embeddable":true,"href":"https:\/\/casadolivreiro.pt\/index.php\/wp-json\/wp\/v2\/product_cat?post=3781"},{"taxonomy":"product_tag","embeddable":true,"href":"https:\/\/casadolivreiro.pt\/index.php\/wp-json\/wp\/v2\/product_tag?post=3781"}],"curies":[{"name":"wp","href":"https:\/\/api.w.org\/{rel}","templated":true}]}}