{"id":3779,"date":"2025-03-27T14:29:16","date_gmt":"2025-03-27T14:29:16","guid":{"rendered":"https:\/\/casadolivreiro.pt\/?post_type=product&#038;p=3779"},"modified":"2025-03-27T14:29:17","modified_gmt":"2025-03-27T14:29:17","slug":"para-uma-consciencia-politica-confrontacao-dos-programas-dos-partidos-politicos-com-o-ensinamento-da-igreja-e-os-direitos-fundamentais-do-homem","status":"publish","type":"product","link":"https:\/\/casadolivreiro.pt\/index.php\/product\/para-uma-consciencia-politica-confrontacao-dos-programas-dos-partidos-politicos-com-o-ensinamento-da-igreja-e-os-direitos-fundamentais-do-homem\/","title":{"rendered":"PARA UMA CONSCI\u00caNCIA POLITICA Confronta\u00e7\u00e3o dos programas dos partidos pol\u00edticos com o ensinamento da Igreja e os direitos fundamentais do homem"},"content":{"rendered":"<p>PARA UMA CONSCI\u00caNCIA POLITICA<\/p>\n<p>Confronta\u00e7\u00e3o dos programas dos partidos pol\u00edticos com o ensinamento da Igreja e os direitos fundamentais do homem<\/p>\n<p>Ano de edi\u00e7\u00e3o: 1975<\/p>\n<p>Editor: Correio &#8211; ACI<\/p>\n<p>Idioma: Portugu\u00eas<\/p>\n<p>Dimens\u00f5es: 14.5 x 0.2 x 20 cm<\/p>\n<p>Encaderna\u00e7\u00e3o: Capa mole<\/p>\n<p>P\u00e1ginas: 42<\/p>\n","protected":false},"excerpt":{"rendered":"<p>PARA UMA CONSCI\u00caNCIA POLITICA Confronta\u00e7\u00e3o dos programas dos partidos pol\u00edticos com o ensinamento da Igreja e os direitos fundamentais do homem Ano de edi\u00e7\u00e3o: 1975 Editor: Correio &#8211; ACI Idioma: Portugu\u00eas Dimens\u00f5es: 14.5 x 0.2 x 20 cm Encaderna\u00e7\u00e3o: Capa mole P\u00e1ginas: 42<\/p>\n","protected":false},"featured_media":0,"comment_status":"open","ping_status":"closed","template":"","meta":{"om_disable_all_campaigns":false,"_monsterinsights_skip_tracking":false,"_monsterinsights_sitenote_active":false,"_monsterinsights_sitenote_note":"","_monsterinsights_sitenote_category":0,"_uf_show_specific_survey":0,"_uf_disable_surveys":false},"product_cat":[33,51],"product_tag":[],"aioseo_notices":[],"jetpack_sharing_enabled":true,"_links":{"self":[{"href":"https:\/\/casadolivreiro.pt\/index.php\/wp-json\/wp\/v2\/product\/3779"}],"collection":[{"href":"https:\/\/casadolivreiro.pt\/index.php\/wp-json\/wp\/v2\/product"}],"about":[{"href":"https:\/\/casadolivreiro.pt\/index.php\/wp-json\/wp\/v2\/types\/product"}],"replies":[{"embeddable":true,"href":"https:\/\/casadolivreiro.pt\/index.php\/wp-json\/wp\/v2\/comments?post=3779"}],"wp:attachment":[{"href":"https:\/\/casadolivreiro.pt\/index.php\/wp-json\/wp\/v2\/media?parent=3779"}],"wp:term":[{"taxonomy":"product_cat","embeddable":true,"href":"https:\/\/casadolivreiro.pt\/index.php\/wp-json\/wp\/v2\/product_cat?post=3779"},{"taxonomy":"product_tag","embeddable":true,"href":"https:\/\/casadolivreiro.pt\/index.php\/wp-json\/wp\/v2\/product_tag?post=3779"}],"curies":[{"name":"wp","href":"https:\/\/api.w.org\/{rel}","templated":true}]}}