{"id":3777,"date":"2025-03-27T14:21:09","date_gmt":"2025-03-27T14:21:09","guid":{"rendered":"https:\/\/casadolivreiro.pt\/?post_type=product&#038;p=3777"},"modified":"2025-03-27T14:21:10","modified_gmt":"2025-03-27T14:21:10","slug":"todo-o-imigrante-e-meu-irmao-jornadas-de-reflexao-e-debate-lisboa-25-a-27-de-outubro-de-2002","status":"publish","type":"product","link":"https:\/\/casadolivreiro.pt\/index.php\/product\/todo-o-imigrante-e-meu-irmao-jornadas-de-reflexao-e-debate-lisboa-25-a-27-de-outubro-de-2002\/","title":{"rendered":"TODO O IMIGRANTE \u00c9 MEU IRM\u00c3O &#8211; Jornadas de reflex\u00e3o  e debate. Lisboa, 25 a 27 de Outubro de 2002"},"content":{"rendered":"<p>TODO O IMIGRANTE \u00c9 MEU IRM\u00c3O &#8211; Jornadas de reflex\u00e3o e debate. Lisboa, 25 a 27 de Outubro de 2002<br \/>\nAno de edi\u00e7\u00e3o: 2003<br \/>\nEditor: Funda\u00e7\u00e3o Ajuda \u00e0 Igreja que Sofre<br \/>\nIdioma: Portugu\u00eas<br \/>\nDimens\u00f5es: 14.5 x 1 x 21 cm<br \/>\nEncaderna\u00e7\u00e3o: Capa mole<br \/>\nP\u00e1ginas: 215<\/p>\n","protected":false},"excerpt":{"rendered":"<p>TODO O IMIGRANTE \u00c9 MEU IRM\u00c3O &#8211; Jornadas de reflex\u00e3o e debate. Lisboa, 25 a 27 de Outubro de 2002 Ano de edi\u00e7\u00e3o: 2003 Editor: Funda\u00e7\u00e3o Ajuda \u00e0 Igreja que Sofre Idioma: Portugu\u00eas Dimens\u00f5es: 14.5 x 1 x 21 cm Encaderna\u00e7\u00e3o: Capa mole P\u00e1ginas: 215<\/p>\n","protected":false},"featured_media":3778,"comment_status":"open","ping_status":"closed","template":"","meta":{"om_disable_all_campaigns":false,"_monsterinsights_skip_tracking":false,"_monsterinsights_sitenote_active":false,"_monsterinsights_sitenote_note":"","_monsterinsights_sitenote_category":0,"_uf_show_specific_survey":0,"_uf_disable_surveys":false},"product_cat":[33],"product_tag":[],"aioseo_notices":[],"jetpack_sharing_enabled":true,"_links":{"self":[{"href":"https:\/\/casadolivreiro.pt\/index.php\/wp-json\/wp\/v2\/product\/3777"}],"collection":[{"href":"https:\/\/casadolivreiro.pt\/index.php\/wp-json\/wp\/v2\/product"}],"about":[{"href":"https:\/\/casadolivreiro.pt\/index.php\/wp-json\/wp\/v2\/types\/product"}],"replies":[{"embeddable":true,"href":"https:\/\/casadolivreiro.pt\/index.php\/wp-json\/wp\/v2\/comments?post=3777"}],"wp:featuredmedia":[{"embeddable":true,"href":"https:\/\/casadolivreiro.pt\/index.php\/wp-json\/wp\/v2\/media\/3778"}],"wp:attachment":[{"href":"https:\/\/casadolivreiro.pt\/index.php\/wp-json\/wp\/v2\/media?parent=3777"}],"wp:term":[{"taxonomy":"product_cat","embeddable":true,"href":"https:\/\/casadolivreiro.pt\/index.php\/wp-json\/wp\/v2\/product_cat?post=3777"},{"taxonomy":"product_tag","embeddable":true,"href":"https:\/\/casadolivreiro.pt\/index.php\/wp-json\/wp\/v2\/product_tag?post=3777"}],"curies":[{"name":"wp","href":"https:\/\/api.w.org\/{rel}","templated":true}]}}