{"id":3770,"date":"2025-03-27T14:00:23","date_gmt":"2025-03-27T14:00:23","guid":{"rendered":"https:\/\/casadolivreiro.pt\/?post_type=product&#038;p=3770"},"modified":"2025-03-27T14:00:23","modified_gmt":"2025-03-27T14:00:23","slug":"gestos-de-cortesia-etiqueta-protocolo-elisabete-vieira-canha-de-andrade","status":"publish","type":"product","link":"https:\/\/casadolivreiro.pt\/index.php\/product\/gestos-de-cortesia-etiqueta-protocolo-elisabete-vieira-canha-de-andrade\/","title":{"rendered":"GESTOS DE CORTESIA ETIQUETA PROTOCOLO \u2013 Elisabete Vieira Canha de Andrade"},"content":{"rendered":"<p>GESTOS DE CORTESIA ETIQUETA PROTOCOLO \u2013 Elisabete Vieira Canha de Andrade<\/p>\n<p>Ano de edi\u00e7\u00e3o: 1997, 1.\u00aa edi\u00e7\u00e3o<\/p>\n<p>Editor: Texto Editora<\/p>\n<p>Idioma: Portugu\u00eas<\/p>\n<p>Dimens\u00f5es: 13 x 0.9 x 19.5 cm<\/p>\n<p>Encaderna\u00e7\u00e3o: Capa mole<\/p>\n<p>P\u00e1ginas: 144<\/p>\n","protected":false},"excerpt":{"rendered":"<p>GESTOS DE CORTESIA ETIQUETA PROTOCOLO \u2013 Elisabete Vieira Canha de Andrade Ano de edi\u00e7\u00e3o: 1997, 1.\u00aa edi\u00e7\u00e3o Editor: Texto Editora Idioma: Portugu\u00eas Dimens\u00f5es: 13 x 0.9 x 19.5 cm Encaderna\u00e7\u00e3o: Capa mole P\u00e1ginas: 144<\/p>\n","protected":false},"featured_media":3771,"comment_status":"open","ping_status":"closed","template":"","meta":{"om_disable_all_campaigns":false,"_monsterinsights_skip_tracking":false,"_monsterinsights_sitenote_active":false,"_monsterinsights_sitenote_note":"","_monsterinsights_sitenote_category":0,"_uf_show_specific_survey":0,"_uf_disable_surveys":false},"product_cat":[31,62,66],"product_tag":[],"aioseo_notices":[],"jetpack_sharing_enabled":true,"_links":{"self":[{"href":"https:\/\/casadolivreiro.pt\/index.php\/wp-json\/wp\/v2\/product\/3770"}],"collection":[{"href":"https:\/\/casadolivreiro.pt\/index.php\/wp-json\/wp\/v2\/product"}],"about":[{"href":"https:\/\/casadolivreiro.pt\/index.php\/wp-json\/wp\/v2\/types\/product"}],"replies":[{"embeddable":true,"href":"https:\/\/casadolivreiro.pt\/index.php\/wp-json\/wp\/v2\/comments?post=3770"}],"wp:featuredmedia":[{"embeddable":true,"href":"https:\/\/casadolivreiro.pt\/index.php\/wp-json\/wp\/v2\/media\/3771"}],"wp:attachment":[{"href":"https:\/\/casadolivreiro.pt\/index.php\/wp-json\/wp\/v2\/media?parent=3770"}],"wp:term":[{"taxonomy":"product_cat","embeddable":true,"href":"https:\/\/casadolivreiro.pt\/index.php\/wp-json\/wp\/v2\/product_cat?post=3770"},{"taxonomy":"product_tag","embeddable":true,"href":"https:\/\/casadolivreiro.pt\/index.php\/wp-json\/wp\/v2\/product_tag?post=3770"}],"curies":[{"name":"wp","href":"https:\/\/api.w.org\/{rel}","templated":true}]}}