{"id":377,"date":"2024-03-11T17:12:17","date_gmt":"2024-03-11T17:12:17","guid":{"rendered":"https:\/\/casadolivreiro.pt\/?post_type=product&#038;p=377"},"modified":"2024-03-11T17:12:17","modified_gmt":"2024-03-11T17:12:17","slug":"os-melhores-restaurantes-receitas-e-segredos-arcadas-coimbra-chef-albano-lourenco","status":"publish","type":"product","link":"https:\/\/casadolivreiro.pt\/index.php\/product\/os-melhores-restaurantes-receitas-e-segredos-arcadas-coimbra-chef-albano-lourenco\/","title":{"rendered":"OS MELHORES RESTAURANTES: Receitas e segredos: Arcadas. Coimbra &#8211; Chef Albano Louren\u00e7o"},"content":{"rendered":"<p>OS MELHORES RESTAURANTES: Receitas e segredos<br \/>\nArcadas. Coimbra &#8211; Chef Albano Louren\u00e7o<br \/>\nISBN: 978-989-554-667-1<br \/>\nEditor: QuidNovi, Matosinhos<br \/>\nData de Lan\u00e7amento: 2010<br \/>\nIdioma:\u00a0 Portugu\u00eas<br \/>\nDimens\u00f5es: 20.5 x 0.7 x 20.5<br \/>\nEncaderna\u00e7\u00e3o: Capa dura<br \/>\nP\u00e1ginas: 63<\/p>\n","protected":false},"excerpt":{"rendered":"<p>OS MELHORES RESTAURANTES: Receitas e segredos Arcadas. Coimbra &#8211; Chef Albano Louren\u00e7o ISBN: 978-989-554-667-1 Editor: QuidNovi, Matosinhos Data de Lan\u00e7amento: 2010 Idioma:\u00a0 Portugu\u00eas Dimens\u00f5es: 20.5 x 0.7 x 20.5 Encaderna\u00e7\u00e3o: Capa dura P\u00e1ginas: 63<\/p>\n","protected":false},"featured_media":378,"comment_status":"open","ping_status":"closed","template":"","meta":{"om_disable_all_campaigns":false,"_monsterinsights_skip_tracking":false,"_monsterinsights_sitenote_active":false,"_monsterinsights_sitenote_note":"","_monsterinsights_sitenote_category":0,"_uf_show_specific_survey":0,"_uf_disable_surveys":false},"product_cat":[40],"product_tag":[],"aioseo_notices":[],"jetpack_sharing_enabled":true,"_links":{"self":[{"href":"https:\/\/casadolivreiro.pt\/index.php\/wp-json\/wp\/v2\/product\/377"}],"collection":[{"href":"https:\/\/casadolivreiro.pt\/index.php\/wp-json\/wp\/v2\/product"}],"about":[{"href":"https:\/\/casadolivreiro.pt\/index.php\/wp-json\/wp\/v2\/types\/product"}],"replies":[{"embeddable":true,"href":"https:\/\/casadolivreiro.pt\/index.php\/wp-json\/wp\/v2\/comments?post=377"}],"wp:featuredmedia":[{"embeddable":true,"href":"https:\/\/casadolivreiro.pt\/index.php\/wp-json\/wp\/v2\/media\/378"}],"wp:attachment":[{"href":"https:\/\/casadolivreiro.pt\/index.php\/wp-json\/wp\/v2\/media?parent=377"}],"wp:term":[{"taxonomy":"product_cat","embeddable":true,"href":"https:\/\/casadolivreiro.pt\/index.php\/wp-json\/wp\/v2\/product_cat?post=377"},{"taxonomy":"product_tag","embeddable":true,"href":"https:\/\/casadolivreiro.pt\/index.php\/wp-json\/wp\/v2\/product_tag?post=377"}],"curies":[{"name":"wp","href":"https:\/\/api.w.org\/{rel}","templated":true}]}}