{"id":3760,"date":"2025-03-27T13:15:54","date_gmt":"2025-03-27T13:15:54","guid":{"rendered":"https:\/\/casadolivreiro.pt\/?post_type=product&#038;p=3760"},"modified":"2025-03-27T13:15:54","modified_gmt":"2025-03-27T13:15:54","slug":"o-cinema-arte-e-industria-carlos-barbachano","status":"publish","type":"product","link":"https:\/\/casadolivreiro.pt\/index.php\/product\/o-cinema-arte-e-industria-carlos-barbachano\/","title":{"rendered":"O CINEMA, ARTE E IND\u00daSTRIA \u2013 Carlos Barb\u00e1chano"},"content":{"rendered":"<p>O CINEMA, ARTE E IND\u00daSTRIA \u2013 Carlos Barb\u00e1chano<\/p>\n<p>Biblioteca Salvat de Grandes Temas<\/p>\n<p>Ano de edi\u00e7\u00e3o: 1979<\/p>\n<p>Editor: Salvat Editora do Brasil, Rio de Janeiro<\/p>\n<p>Idioma: Portugu\u00eas<\/p>\n<p>Dimens\u00f5es: 16 x 1.3 x 19.8 cm<\/p>\n<p>Encaderna\u00e7\u00e3o: Capa dura<\/p>\n<p>P\u00e1ginas: 143<\/p>\n","protected":false},"excerpt":{"rendered":"<p>O CINEMA, ARTE E IND\u00daSTRIA \u2013 Carlos Barb\u00e1chano Biblioteca Salvat de Grandes Temas Ano de edi\u00e7\u00e3o: 1979 Editor: Salvat Editora do Brasil, Rio de Janeiro Idioma: Portugu\u00eas Dimens\u00f5es: 16 x 1.3 x 19.8 cm Encaderna\u00e7\u00e3o: Capa dura P\u00e1ginas: 143<\/p>\n","protected":false},"featured_media":3761,"comment_status":"open","ping_status":"closed","template":"","meta":{"om_disable_all_campaigns":false,"_monsterinsights_skip_tracking":false,"_monsterinsights_sitenote_active":false,"_monsterinsights_sitenote_note":"","_monsterinsights_sitenote_category":0,"_uf_show_specific_survey":0,"_uf_disable_surveys":false},"product_cat":[46,47],"product_tag":[],"aioseo_notices":[],"jetpack_sharing_enabled":true,"_links":{"self":[{"href":"https:\/\/casadolivreiro.pt\/index.php\/wp-json\/wp\/v2\/product\/3760"}],"collection":[{"href":"https:\/\/casadolivreiro.pt\/index.php\/wp-json\/wp\/v2\/product"}],"about":[{"href":"https:\/\/casadolivreiro.pt\/index.php\/wp-json\/wp\/v2\/types\/product"}],"replies":[{"embeddable":true,"href":"https:\/\/casadolivreiro.pt\/index.php\/wp-json\/wp\/v2\/comments?post=3760"}],"wp:featuredmedia":[{"embeddable":true,"href":"https:\/\/casadolivreiro.pt\/index.php\/wp-json\/wp\/v2\/media\/3761"}],"wp:attachment":[{"href":"https:\/\/casadolivreiro.pt\/index.php\/wp-json\/wp\/v2\/media?parent=3760"}],"wp:term":[{"taxonomy":"product_cat","embeddable":true,"href":"https:\/\/casadolivreiro.pt\/index.php\/wp-json\/wp\/v2\/product_cat?post=3760"},{"taxonomy":"product_tag","embeddable":true,"href":"https:\/\/casadolivreiro.pt\/index.php\/wp-json\/wp\/v2\/product_tag?post=3760"}],"curies":[{"name":"wp","href":"https:\/\/api.w.org\/{rel}","templated":true}]}}