{"id":3755,"date":"2025-03-27T01:45:10","date_gmt":"2025-03-27T01:45:10","guid":{"rendered":"https:\/\/casadolivreiro.pt\/?post_type=product&#038;p=3755"},"modified":"2025-03-27T01:45:11","modified_gmt":"2025-03-27T01:45:11","slug":"o-sonho-e-os-seus-significados-a-interpretacao-dos-sonhos-nas-culturas-tradicionais-sarvananda-bluestone","status":"publish","type":"product","link":"https:\/\/casadolivreiro.pt\/index.php\/product\/o-sonho-e-os-seus-significados-a-interpretacao-dos-sonhos-nas-culturas-tradicionais-sarvananda-bluestone\/","title":{"rendered":"O SONHO E OS SEUS SIGNIFICADOS: A Interpreta\u00e7\u00e3o dos Sonhos nas Culturas Tradicionais \u2013 Sarvananda Bluestone"},"content":{"rendered":"<p>O SONHO E OS SEUS SIGNIFICADOS: A Interpreta\u00e7\u00e3o dos Sonhos nas Culturas Tradicionais \u2013 Sarvananda Bluestone<\/p>\n<p>Tradu\u00e7\u00e3o de\u00a0 Manuel Cordeiro<\/p>\n<p>Ano de edi\u00e7\u00e3o: 2003, 1.\u00aa edi\u00e7\u00f5es<\/p>\n<p>Editor: Guevel Edi\u00e7\u00f5es, Lisboa<\/p>\n<p>Idioma: Portugu\u00eas<\/p>\n<p>Dimens\u00f5es: 16 x 3 x 23 cm<\/p>\n<p>Encaderna\u00e7\u00e3o: Capa mole<\/p>\n<p>P\u00e1ginas: 364<\/p>\n","protected":false},"excerpt":{"rendered":"<p>O SONHO E OS SEUS SIGNIFICADOS: A Interpreta\u00e7\u00e3o dos Sonhos nas Culturas Tradicionais \u2013 Sarvananda Bluestone Tradu\u00e7\u00e3o de\u00a0 Manuel Cordeiro Ano de edi\u00e7\u00e3o: 2003, 1.\u00aa edi\u00e7\u00f5es Editor: Guevel Edi\u00e7\u00f5es, Lisboa Idioma: Portugu\u00eas Dimens\u00f5es: 16 x 3 x 23 cm Encaderna\u00e7\u00e3o: Capa mole P\u00e1ginas: 364<\/p>\n","protected":false},"featured_media":3756,"comment_status":"open","ping_status":"closed","template":"","meta":{"om_disable_all_campaigns":false,"_monsterinsights_skip_tracking":false,"_monsterinsights_sitenote_active":false,"_monsterinsights_sitenote_note":"","_monsterinsights_sitenote_category":0,"_uf_show_specific_survey":0,"_uf_disable_surveys":false},"product_cat":[33,62,66],"product_tag":[],"aioseo_notices":[],"jetpack_sharing_enabled":true,"_links":{"self":[{"href":"https:\/\/casadolivreiro.pt\/index.php\/wp-json\/wp\/v2\/product\/3755"}],"collection":[{"href":"https:\/\/casadolivreiro.pt\/index.php\/wp-json\/wp\/v2\/product"}],"about":[{"href":"https:\/\/casadolivreiro.pt\/index.php\/wp-json\/wp\/v2\/types\/product"}],"replies":[{"embeddable":true,"href":"https:\/\/casadolivreiro.pt\/index.php\/wp-json\/wp\/v2\/comments?post=3755"}],"wp:featuredmedia":[{"embeddable":true,"href":"https:\/\/casadolivreiro.pt\/index.php\/wp-json\/wp\/v2\/media\/3756"}],"wp:attachment":[{"href":"https:\/\/casadolivreiro.pt\/index.php\/wp-json\/wp\/v2\/media?parent=3755"}],"wp:term":[{"taxonomy":"product_cat","embeddable":true,"href":"https:\/\/casadolivreiro.pt\/index.php\/wp-json\/wp\/v2\/product_cat?post=3755"},{"taxonomy":"product_tag","embeddable":true,"href":"https:\/\/casadolivreiro.pt\/index.php\/wp-json\/wp\/v2\/product_tag?post=3755"}],"curies":[{"name":"wp","href":"https:\/\/api.w.org\/{rel}","templated":true}]}}