{"id":3751,"date":"2025-03-27T01:30:22","date_gmt":"2025-03-27T01:30:22","guid":{"rendered":"https:\/\/casadolivreiro.pt\/?post_type=product&#038;p=3751"},"modified":"2025-03-27T01:30:22","modified_gmt":"2025-03-27T01:30:22","slug":"a-marca-wally-olins","status":"publish","type":"product","link":"https:\/\/casadolivreiro.pt\/index.php\/product\/a-marca-wally-olins\/","title":{"rendered":"A MARCA  &#8211; WALLY OLINS"},"content":{"rendered":"<p>A MARCA\u00a0 &#8211; WALLY OLINS<\/p>\n<p>Tradu\u00e7\u00e3o de \u00a0Miguel Ribeiro de Almeida<\/p>\n<p>Ano de edi\u00e7\u00e3o: 2005<\/p>\n<p>Editor: Verbo<\/p>\n<p>Idioma: Portugu\u00eas<\/p>\n<p>Dimens\u00f5es: 16 x 2.1 x 23.5 cm<\/p>\n<p>Encaderna\u00e7\u00e3o: Capa mole<\/p>\n<p>P\u00e1ginas: 270<\/p>\n","protected":false},"excerpt":{"rendered":"<p>A MARCA\u00a0 &#8211; WALLY OLINS Tradu\u00e7\u00e3o de \u00a0Miguel Ribeiro de Almeida Ano de edi\u00e7\u00e3o: 2005 Editor: Verbo Idioma: Portugu\u00eas Dimens\u00f5es: 16 x 2.1 x 23.5 cm Encaderna\u00e7\u00e3o: Capa mole P\u00e1ginas: 270<\/p>\n","protected":false},"featured_media":3752,"comment_status":"open","ping_status":"closed","template":"","meta":{"om_disable_all_campaigns":false,"_monsterinsights_skip_tracking":false,"_monsterinsights_sitenote_active":false,"_monsterinsights_sitenote_note":"","_monsterinsights_sitenote_category":0,"_uf_show_specific_survey":0,"_uf_disable_surveys":false},"product_cat":[24,41,47],"product_tag":[],"aioseo_notices":[],"jetpack_sharing_enabled":true,"_links":{"self":[{"href":"https:\/\/casadolivreiro.pt\/index.php\/wp-json\/wp\/v2\/product\/3751"}],"collection":[{"href":"https:\/\/casadolivreiro.pt\/index.php\/wp-json\/wp\/v2\/product"}],"about":[{"href":"https:\/\/casadolivreiro.pt\/index.php\/wp-json\/wp\/v2\/types\/product"}],"replies":[{"embeddable":true,"href":"https:\/\/casadolivreiro.pt\/index.php\/wp-json\/wp\/v2\/comments?post=3751"}],"wp:featuredmedia":[{"embeddable":true,"href":"https:\/\/casadolivreiro.pt\/index.php\/wp-json\/wp\/v2\/media\/3752"}],"wp:attachment":[{"href":"https:\/\/casadolivreiro.pt\/index.php\/wp-json\/wp\/v2\/media?parent=3751"}],"wp:term":[{"taxonomy":"product_cat","embeddable":true,"href":"https:\/\/casadolivreiro.pt\/index.php\/wp-json\/wp\/v2\/product_cat?post=3751"},{"taxonomy":"product_tag","embeddable":true,"href":"https:\/\/casadolivreiro.pt\/index.php\/wp-json\/wp\/v2\/product_tag?post=3751"}],"curies":[{"name":"wp","href":"https:\/\/api.w.org\/{rel}","templated":true}]}}