{"id":3749,"date":"2025-03-27T01:24:09","date_gmt":"2025-03-27T01:24:09","guid":{"rendered":"https:\/\/casadolivreiro.pt\/?post_type=product&#038;p=3749"},"modified":"2025-03-27T01:24:09","modified_gmt":"2025-03-27T01:24:09","slug":"um-dia-casaremos-com-romain-gary-nicole-belanger","status":"publish","type":"product","link":"https:\/\/casadolivreiro.pt\/index.php\/product\/um-dia-casaremos-com-romain-gary-nicole-belanger\/","title":{"rendered":"UM DIA, CASAREMOS COM ROMAIN GARY \u2013 Nicole B\u00e9langer"},"content":{"rendered":"<p>UM DIA, CASAREMOS COM ROMAIN GARY \u2013 Nicole B\u00e9langer<\/p>\n<p>Tradu\u00e7\u00e3o de Ant\u00f3nio Rosas<\/p>\n<p>Ano de edi\u00e7\u00e3o: 2001<\/p>\n<p>Editor: Oficina do Livro<\/p>\n<p>Idioma: Portugu\u00eas<\/p>\n<p>Dimens\u00f5es: 15 x 1.1 x 23 cm<\/p>\n<p>Encaderna\u00e7\u00e3o: Capa mole<\/p>\n<p>P\u00e1ginas: 172<\/p>\n","protected":false},"excerpt":{"rendered":"<p>UM DIA, CASAREMOS COM ROMAIN GARY \u2013 Nicole B\u00e9langer Tradu\u00e7\u00e3o de Ant\u00f3nio Rosas Ano de edi\u00e7\u00e3o: 2001 Editor: Oficina do Livro Idioma: Portugu\u00eas Dimens\u00f5es: 15 x 1.1 x 23 cm Encaderna\u00e7\u00e3o: Capa mole P\u00e1ginas: 172<\/p>\n","protected":false},"featured_media":3750,"comment_status":"open","ping_status":"closed","template":"","meta":{"om_disable_all_campaigns":false,"_monsterinsights_skip_tracking":false,"_monsterinsights_sitenote_active":false,"_monsterinsights_sitenote_note":"","_monsterinsights_sitenote_category":0,"_uf_show_specific_survey":0,"_uf_disable_surveys":false},"product_cat":[26],"product_tag":[],"aioseo_notices":[],"jetpack_sharing_enabled":true,"_links":{"self":[{"href":"https:\/\/casadolivreiro.pt\/index.php\/wp-json\/wp\/v2\/product\/3749"}],"collection":[{"href":"https:\/\/casadolivreiro.pt\/index.php\/wp-json\/wp\/v2\/product"}],"about":[{"href":"https:\/\/casadolivreiro.pt\/index.php\/wp-json\/wp\/v2\/types\/product"}],"replies":[{"embeddable":true,"href":"https:\/\/casadolivreiro.pt\/index.php\/wp-json\/wp\/v2\/comments?post=3749"}],"wp:featuredmedia":[{"embeddable":true,"href":"https:\/\/casadolivreiro.pt\/index.php\/wp-json\/wp\/v2\/media\/3750"}],"wp:attachment":[{"href":"https:\/\/casadolivreiro.pt\/index.php\/wp-json\/wp\/v2\/media?parent=3749"}],"wp:term":[{"taxonomy":"product_cat","embeddable":true,"href":"https:\/\/casadolivreiro.pt\/index.php\/wp-json\/wp\/v2\/product_cat?post=3749"},{"taxonomy":"product_tag","embeddable":true,"href":"https:\/\/casadolivreiro.pt\/index.php\/wp-json\/wp\/v2\/product_tag?post=3749"}],"curies":[{"name":"wp","href":"https:\/\/api.w.org\/{rel}","templated":true}]}}