{"id":3742,"date":"2025-03-27T01:06:16","date_gmt":"2025-03-27T01:06:16","guid":{"rendered":"https:\/\/casadolivreiro.pt\/?post_type=product&#038;p=3742"},"modified":"2025-03-27T01:06:16","modified_gmt":"2025-03-27T01:06:16","slug":"mais-ca-do-que-la-vida-e-obra-do-artista-daniel-soares-dani-autobiografia","status":"publish","type":"product","link":"https:\/\/casadolivreiro.pt\/index.php\/product\/mais-ca-do-que-la-vida-e-obra-do-artista-daniel-soares-dani-autobiografia\/","title":{"rendered":"MAIS C\u00c1 DO QUE L\u00c1: VIDA E OBRA DO ARTISTA DANIEL SOARES (DANI): Autobiografia"},"content":{"rendered":"<p>MAIS C\u00c1 DO QUE L\u00c1: VIDA E OBRA DO ARTISTA DANIEL SOARES (DANI): Autobiografia<\/p>\n<p>Ano de edi\u00e7\u00e3o: 2010<\/p>\n<p>Editor: Daniel Soares<\/p>\n<p>Idioma: Portugu\u00eas<\/p>\n<p>Dimens\u00f5es: 17 x 1.6 x 24 cm<\/p>\n<p>Encaderna\u00e7\u00e3o: Capa mole<\/p>\n<p>P\u00e1ginas: 144<\/p>\n","protected":false},"excerpt":{"rendered":"<p>MAIS C\u00c1 DO QUE L\u00c1: VIDA E OBRA DO ARTISTA DANIEL SOARES (DANI): Autobiografia Ano de edi\u00e7\u00e3o: 2010 Editor: Daniel Soares Idioma: Portugu\u00eas Dimens\u00f5es: 17 x 1.6 x 24 cm Encaderna\u00e7\u00e3o: Capa mole P\u00e1ginas: 144<\/p>\n","protected":false},"featured_media":3744,"comment_status":"open","ping_status":"closed","template":"","meta":{"om_disable_all_campaigns":false,"_monsterinsights_skip_tracking":false,"_monsterinsights_sitenote_active":false,"_monsterinsights_sitenote_note":"","_monsterinsights_sitenote_category":0,"_uf_show_specific_survey":0,"_uf_disable_surveys":false},"product_cat":[28,36],"product_tag":[],"aioseo_notices":[],"jetpack_sharing_enabled":true,"_links":{"self":[{"href":"https:\/\/casadolivreiro.pt\/index.php\/wp-json\/wp\/v2\/product\/3742"}],"collection":[{"href":"https:\/\/casadolivreiro.pt\/index.php\/wp-json\/wp\/v2\/product"}],"about":[{"href":"https:\/\/casadolivreiro.pt\/index.php\/wp-json\/wp\/v2\/types\/product"}],"replies":[{"embeddable":true,"href":"https:\/\/casadolivreiro.pt\/index.php\/wp-json\/wp\/v2\/comments?post=3742"}],"wp:featuredmedia":[{"embeddable":true,"href":"https:\/\/casadolivreiro.pt\/index.php\/wp-json\/wp\/v2\/media\/3744"}],"wp:attachment":[{"href":"https:\/\/casadolivreiro.pt\/index.php\/wp-json\/wp\/v2\/media?parent=3742"}],"wp:term":[{"taxonomy":"product_cat","embeddable":true,"href":"https:\/\/casadolivreiro.pt\/index.php\/wp-json\/wp\/v2\/product_cat?post=3742"},{"taxonomy":"product_tag","embeddable":true,"href":"https:\/\/casadolivreiro.pt\/index.php\/wp-json\/wp\/v2\/product_tag?post=3742"}],"curies":[{"name":"wp","href":"https:\/\/api.w.org\/{rel}","templated":true}]}}