{"id":3737,"date":"2025-03-27T00:45:55","date_gmt":"2025-03-27T00:45:55","guid":{"rendered":"https:\/\/casadolivreiro.pt\/?post_type=product&#038;p=3737"},"modified":"2025-03-27T00:45:55","modified_gmt":"2025-03-27T00:45:55","slug":"estatistica-do-trafego-1965-estradas-nacionais","status":"publish","type":"product","link":"https:\/\/casadolivreiro.pt\/index.php\/product\/estatistica-do-trafego-1965-estradas-nacionais\/","title":{"rendered":"ESTAT\u00cdSTICA DO TR\u00c1FEGO 1965: ESTRADAS NACIONAIS"},"content":{"rendered":"<p>ESTAT\u00cdSTICA DO TR\u00c1FEGO 1965: ESTRADAS NACIONAIS<\/p>\n<p>Ano de edi\u00e7\u00e3o: 1965<\/p>\n<p>Editor: Junta Aut\u00f3noma de Estradas, Minist\u00e9rio das obras p\u00fablicas<\/p>\n<p>Idioma: Portugu\u00eas<\/p>\n<p>Dimens\u00f5es: 17.5 x 1.7 x 25 cm<\/p>\n<p>Encaderna\u00e7\u00e3o: Capa mole<\/p>\n<p>P\u00e1ginas:<\/p>\n","protected":false},"excerpt":{"rendered":"<p>ESTAT\u00cdSTICA DO TR\u00c1FEGO 1965: ESTRADAS NACIONAIS Ano de edi\u00e7\u00e3o: 1965 Editor: Junta Aut\u00f3noma de Estradas, Minist\u00e9rio das obras p\u00fablicas Idioma: Portugu\u00eas Dimens\u00f5es: 17.5 x 1.7 x 25 cm Encaderna\u00e7\u00e3o: Capa mole P\u00e1ginas:<\/p>\n","protected":false},"featured_media":3738,"comment_status":"open","ping_status":"closed","template":"","meta":{"om_disable_all_campaigns":false,"_monsterinsights_skip_tracking":false,"_monsterinsights_sitenote_active":false,"_monsterinsights_sitenote_note":"","_monsterinsights_sitenote_category":0,"_uf_show_specific_survey":0,"_uf_disable_surveys":false},"product_cat":[31,47,59,62],"product_tag":[],"aioseo_notices":[],"jetpack_sharing_enabled":true,"_links":{"self":[{"href":"https:\/\/casadolivreiro.pt\/index.php\/wp-json\/wp\/v2\/product\/3737"}],"collection":[{"href":"https:\/\/casadolivreiro.pt\/index.php\/wp-json\/wp\/v2\/product"}],"about":[{"href":"https:\/\/casadolivreiro.pt\/index.php\/wp-json\/wp\/v2\/types\/product"}],"replies":[{"embeddable":true,"href":"https:\/\/casadolivreiro.pt\/index.php\/wp-json\/wp\/v2\/comments?post=3737"}],"wp:featuredmedia":[{"embeddable":true,"href":"https:\/\/casadolivreiro.pt\/index.php\/wp-json\/wp\/v2\/media\/3738"}],"wp:attachment":[{"href":"https:\/\/casadolivreiro.pt\/index.php\/wp-json\/wp\/v2\/media?parent=3737"}],"wp:term":[{"taxonomy":"product_cat","embeddable":true,"href":"https:\/\/casadolivreiro.pt\/index.php\/wp-json\/wp\/v2\/product_cat?post=3737"},{"taxonomy":"product_tag","embeddable":true,"href":"https:\/\/casadolivreiro.pt\/index.php\/wp-json\/wp\/v2\/product_tag?post=3737"}],"curies":[{"name":"wp","href":"https:\/\/api.w.org\/{rel}","templated":true}]}}