{"id":3727,"date":"2025-03-26T23:28:42","date_gmt":"2025-03-26T23:28:42","guid":{"rendered":"https:\/\/casadolivreiro.pt\/?post_type=product&#038;p=3727"},"modified":"2025-03-26T23:28:42","modified_gmt":"2025-03-26T23:28:42","slug":"vida-sem-limites-nick-vujicic","status":"publish","type":"product","link":"https:\/\/casadolivreiro.pt\/index.php\/product\/vida-sem-limites-nick-vujicic\/","title":{"rendered":"VIDA SEM LIMITES \u2013 Nick Vujicic"},"content":{"rendered":"<p>VIDA SEM LIMITES \u2013 Nick Vujicic<\/p>\n<p>Tradu\u00e7\u00e3o de Miguel Fezas Vital<\/p>\n<p>Ano de edi\u00e7\u00e3o: 2011<\/p>\n<p>Editor: Caderno<\/p>\n<p>Idioma: Portugu\u00eas<\/p>\n<p>Dimens\u00f5es: 15.5 x 2 x 23.5 cm<\/p>\n<p>Encaderna\u00e7\u00e3o: Capa mole<\/p>\n<p>P\u00e1ginas: 279<\/p>\n","protected":false},"excerpt":{"rendered":"<p>VIDA SEM LIMITES \u2013 Nick Vujicic Tradu\u00e7\u00e3o de Miguel Fezas Vital Ano de edi\u00e7\u00e3o: 2011 Editor: Caderno Idioma: Portugu\u00eas Dimens\u00f5es: 15.5 x 2 x 23.5 cm Encaderna\u00e7\u00e3o: Capa mole P\u00e1ginas: 279<\/p>\n","protected":false},"featured_media":3728,"comment_status":"open","ping_status":"closed","template":"","meta":{"om_disable_all_campaigns":false,"_monsterinsights_skip_tracking":false,"_monsterinsights_sitenote_active":false,"_monsterinsights_sitenote_note":"","_monsterinsights_sitenote_category":0,"_uf_show_specific_survey":0,"_uf_disable_surveys":false},"product_cat":[36],"product_tag":[],"aioseo_notices":[],"jetpack_sharing_enabled":true,"_links":{"self":[{"href":"https:\/\/casadolivreiro.pt\/index.php\/wp-json\/wp\/v2\/product\/3727"}],"collection":[{"href":"https:\/\/casadolivreiro.pt\/index.php\/wp-json\/wp\/v2\/product"}],"about":[{"href":"https:\/\/casadolivreiro.pt\/index.php\/wp-json\/wp\/v2\/types\/product"}],"replies":[{"embeddable":true,"href":"https:\/\/casadolivreiro.pt\/index.php\/wp-json\/wp\/v2\/comments?post=3727"}],"wp:featuredmedia":[{"embeddable":true,"href":"https:\/\/casadolivreiro.pt\/index.php\/wp-json\/wp\/v2\/media\/3728"}],"wp:attachment":[{"href":"https:\/\/casadolivreiro.pt\/index.php\/wp-json\/wp\/v2\/media?parent=3727"}],"wp:term":[{"taxonomy":"product_cat","embeddable":true,"href":"https:\/\/casadolivreiro.pt\/index.php\/wp-json\/wp\/v2\/product_cat?post=3727"},{"taxonomy":"product_tag","embeddable":true,"href":"https:\/\/casadolivreiro.pt\/index.php\/wp-json\/wp\/v2\/product_tag?post=3727"}],"curies":[{"name":"wp","href":"https:\/\/api.w.org\/{rel}","templated":true}]}}