{"id":3723,"date":"2025-03-26T23:15:40","date_gmt":"2025-03-26T23:15:40","guid":{"rendered":"https:\/\/casadolivreiro.pt\/?post_type=product&#038;p=3723"},"modified":"2025-03-26T23:15:40","modified_gmt":"2025-03-26T23:15:40","slug":"analise-social-revista-trimestral-vol-viii-no-30-31-1970","status":"publish","type":"product","link":"https:\/\/casadolivreiro.pt\/index.php\/product\/analise-social-revista-trimestral-vol-viii-no-30-31-1970\/","title":{"rendered":"AN\u00c1LISE SOCIAL: REVISTA TRIMESTRAL,  Vol. VIII, No. 30-31, 1970"},"content":{"rendered":"<p>AN\u00c1LISE SOCIAL: REVISTA TRIMESTRAL,\u00a0 Vol. VIII, No. 30-31, 1970<\/p>\n<p>Instituto Superior de Ci\u00eancias Econ\u00f3micas e Financeiras, Gabinete de Investiga\u00e7\u00f5es\u00a0 Sociais<\/p>\n<p>Director: Prof. J. Pires Cardoso<\/p>\n<p>Ano de edi\u00e7\u00e3o: 1970<\/p>\n<p>Editor: Instituto Superior de Ci\u00eancias Econ\u00f3micas e Financeiras<\/p>\n<p>Idioma: Portugu\u00eas<\/p>\n<p>Dimens\u00f5es: 16 x 2.2 x 23 cm<\/p>\n<p>Encaderna\u00e7\u00e3o: Capa mole<\/p>\n<p>P\u00e1ginas: 388<\/p>\n","protected":false},"excerpt":{"rendered":"<p>AN\u00c1LISE SOCIAL: REVISTA TRIMESTRAL,\u00a0 Vol. VIII, No. 30-31, 1970 Instituto Superior de Ci\u00eancias Econ\u00f3micas e Financeiras, Gabinete de Investiga\u00e7\u00f5es\u00a0 Sociais Director: Prof. J. Pires Cardoso Ano de edi\u00e7\u00e3o: 1970 Editor: Instituto Superior de Ci\u00eancias Econ\u00f3micas e Financeiras Idioma: Portugu\u00eas Dimens\u00f5es: 16 x 2.2 x 23 cm Encaderna\u00e7\u00e3o: Capa mole P\u00e1ginas: 388<\/p>\n","protected":false},"featured_media":3724,"comment_status":"open","ping_status":"closed","template":"","meta":{"om_disable_all_campaigns":false,"_monsterinsights_skip_tracking":false,"_monsterinsights_sitenote_active":false,"_monsterinsights_sitenote_note":"","_monsterinsights_sitenote_category":0,"_uf_show_specific_survey":0,"_uf_disable_surveys":false},"product_cat":[31,65],"product_tag":[],"aioseo_notices":[],"jetpack_sharing_enabled":true,"_links":{"self":[{"href":"https:\/\/casadolivreiro.pt\/index.php\/wp-json\/wp\/v2\/product\/3723"}],"collection":[{"href":"https:\/\/casadolivreiro.pt\/index.php\/wp-json\/wp\/v2\/product"}],"about":[{"href":"https:\/\/casadolivreiro.pt\/index.php\/wp-json\/wp\/v2\/types\/product"}],"replies":[{"embeddable":true,"href":"https:\/\/casadolivreiro.pt\/index.php\/wp-json\/wp\/v2\/comments?post=3723"}],"wp:featuredmedia":[{"embeddable":true,"href":"https:\/\/casadolivreiro.pt\/index.php\/wp-json\/wp\/v2\/media\/3724"}],"wp:attachment":[{"href":"https:\/\/casadolivreiro.pt\/index.php\/wp-json\/wp\/v2\/media?parent=3723"}],"wp:term":[{"taxonomy":"product_cat","embeddable":true,"href":"https:\/\/casadolivreiro.pt\/index.php\/wp-json\/wp\/v2\/product_cat?post=3723"},{"taxonomy":"product_tag","embeddable":true,"href":"https:\/\/casadolivreiro.pt\/index.php\/wp-json\/wp\/v2\/product_tag?post=3723"}],"curies":[{"name":"wp","href":"https:\/\/api.w.org\/{rel}","templated":true}]}}