{"id":3701,"date":"2025-03-26T18:27:54","date_gmt":"2025-03-26T18:27:54","guid":{"rendered":"https:\/\/casadolivreiro.pt\/?post_type=product&#038;p=3701"},"modified":"2025-03-26T18:27:54","modified_gmt":"2025-03-26T18:27:54","slug":"livro-da-fundacao-do-mosteiro-de-salzedas-por-fr-baltasar-dos-reis-como-apenso-as-memorias-de-mondim-da-beira-de-j-leite-de-vasconcelos","status":"publish","type":"product","link":"https:\/\/casadolivreiro.pt\/index.php\/product\/livro-da-fundacao-do-mosteiro-de-salzedas-por-fr-baltasar-dos-reis-como-apenso-as-memorias-de-mondim-da-beira-de-j-leite-de-vasconcelos\/","title":{"rendered":"LIVRO DA FUNDA\u00c7\u00c3O DO MOSTEIRO DE SALZEDAS por Fr. Baltasar dos Reis, como apenso \u00e0s Mem\u00f3rias de Mondim da Beira de J. Leite de Vasconcelos"},"content":{"rendered":"<p>LIVRO DA FUNDA\u00c7\u00c3O DO MOSTEIRO DE SALZEDAS por Fr. Baltasar dos Reis, como apenso \u00e0s Mem\u00f3rias de Mondim da Beira de J. Leite de Vasconcelos<\/p>\n<p>Breve rela\u00e7\u00e3o da funda\u00e7\u00e3o e antiguidade do Mosteiro de Santa Maria da Salzeda, tamb\u00e9m contido neste volume, \u00e9 um Fac-S\u00edmile da edi\u00e7\u00e3o de 1936 da Biblioteca Nacional.<\/p>\n<p>Ano de edi\u00e7\u00e3o: 2002<\/p>\n<p>Editor: Fabrica da Igreja Paroquial de Salzedas<\/p>\n<p>Idioma: Portugu\u00eas<\/p>\n<p>Dimens\u00f5es: 15.3 x 2.2 x 22cm<\/p>\n<p>Encaderna\u00e7\u00e3o: Capa mole<\/p>\n<p>P\u00e1ginas: 204 + 101<\/p>\n","protected":false},"excerpt":{"rendered":"<p>LIVRO DA FUNDA\u00c7\u00c3O DO MOSTEIRO DE SALZEDAS por Fr. Baltasar dos Reis, como apenso \u00e0s Mem\u00f3rias de Mondim da Beira de J. Leite de Vasconcelos Breve rela\u00e7\u00e3o da funda\u00e7\u00e3o e antiguidade do Mosteiro de Santa Maria da Salzeda, tamb\u00e9m contido neste volume, \u00e9 um Fac-S\u00edmile da edi\u00e7\u00e3o de 1936 da Biblioteca Nacional. Ano de edi\u00e7\u00e3o: [&hellip;]<\/p>\n","protected":false},"featured_media":3702,"comment_status":"open","ping_status":"closed","template":"","meta":{"om_disable_all_campaigns":false,"_monsterinsights_skip_tracking":false,"_monsterinsights_sitenote_active":false,"_monsterinsights_sitenote_note":"","_monsterinsights_sitenote_category":0,"_uf_show_specific_survey":0,"_uf_disable_surveys":false},"product_cat":[31,33,30],"product_tag":[],"aioseo_notices":[],"jetpack_sharing_enabled":true,"_links":{"self":[{"href":"https:\/\/casadolivreiro.pt\/index.php\/wp-json\/wp\/v2\/product\/3701"}],"collection":[{"href":"https:\/\/casadolivreiro.pt\/index.php\/wp-json\/wp\/v2\/product"}],"about":[{"href":"https:\/\/casadolivreiro.pt\/index.php\/wp-json\/wp\/v2\/types\/product"}],"replies":[{"embeddable":true,"href":"https:\/\/casadolivreiro.pt\/index.php\/wp-json\/wp\/v2\/comments?post=3701"}],"wp:featuredmedia":[{"embeddable":true,"href":"https:\/\/casadolivreiro.pt\/index.php\/wp-json\/wp\/v2\/media\/3702"}],"wp:attachment":[{"href":"https:\/\/casadolivreiro.pt\/index.php\/wp-json\/wp\/v2\/media?parent=3701"}],"wp:term":[{"taxonomy":"product_cat","embeddable":true,"href":"https:\/\/casadolivreiro.pt\/index.php\/wp-json\/wp\/v2\/product_cat?post=3701"},{"taxonomy":"product_tag","embeddable":true,"href":"https:\/\/casadolivreiro.pt\/index.php\/wp-json\/wp\/v2\/product_tag?post=3701"}],"curies":[{"name":"wp","href":"https:\/\/api.w.org\/{rel}","templated":true}]}}