{"id":3699,"date":"2025-03-26T18:18:40","date_gmt":"2025-03-26T18:18:40","guid":{"rendered":"https:\/\/casadolivreiro.pt\/?post_type=product&#038;p=3699"},"modified":"2025-03-26T18:18:41","modified_gmt":"2025-03-26T18:18:41","slug":"de-methuan-a-pombal-o-comercio-anglo-portugues-de-1700-a-1770-h-e-s-fisher","status":"publish","type":"product","link":"https:\/\/casadolivreiro.pt\/index.php\/product\/de-methuan-a-pombal-o-comercio-anglo-portugues-de-1700-a-1770-h-e-s-fisher\/","title":{"rendered":"DE METHUAN A POMBAL: O Com\u00e9rcio Anglo-Portugu\u00eas de 1700 a 1770 \u2013 H.E.S. Fisher"},"content":{"rendered":"<p>DE METHUAN A POMBAL: O Com\u00e9rcio Anglo-Portugu\u00eas de 1700 a 1770 \u2013 H.E.S. Fisher<\/p>\n<p>Tradu\u00e7\u00e3o de Joaquim Duarte Peixoto<\/p>\n<p>Colec\u00e7\u00e3o \u201cConstruir o Passado\u201d\u00a0 #6<\/p>\n<p>Ano de edi\u00e7\u00e3o: 1984, 1.\u00aa edi\u00e7\u00e3o<\/p>\n<p>Editor: Gradiva, Lisboa<\/p>\n<p>Idioma: Portugu\u00eas<\/p>\n<p>Dimens\u00f5es: 15 x 1.5 x 23cm<\/p>\n<p>Encaderna\u00e7\u00e3o: Capa mole<\/p>\n<p>P\u00e1ginas: 231<\/p>\n","protected":false},"excerpt":{"rendered":"<p>DE METHUAN A POMBAL: O Com\u00e9rcio Anglo-Portugu\u00eas de 1700 a 1770 \u2013 H.E.S. Fisher Tradu\u00e7\u00e3o de Joaquim Duarte Peixoto Colec\u00e7\u00e3o \u201cConstruir o Passado\u201d\u00a0 #6 Ano de edi\u00e7\u00e3o: 1984, 1.\u00aa edi\u00e7\u00e3o Editor: Gradiva, Lisboa Idioma: Portugu\u00eas Dimens\u00f5es: 15 x 1.5 x 23cm Encaderna\u00e7\u00e3o: Capa mole P\u00e1ginas: 231<\/p>\n","protected":false},"featured_media":3700,"comment_status":"open","ping_status":"closed","template":"","meta":{"om_disable_all_campaigns":false,"_monsterinsights_skip_tracking":false,"_monsterinsights_sitenote_active":false,"_monsterinsights_sitenote_note":"","_monsterinsights_sitenote_category":0,"_uf_show_specific_survey":0,"_uf_disable_surveys":false},"product_cat":[31,41,30,62],"product_tag":[],"aioseo_notices":[],"jetpack_sharing_enabled":true,"_links":{"self":[{"href":"https:\/\/casadolivreiro.pt\/index.php\/wp-json\/wp\/v2\/product\/3699"}],"collection":[{"href":"https:\/\/casadolivreiro.pt\/index.php\/wp-json\/wp\/v2\/product"}],"about":[{"href":"https:\/\/casadolivreiro.pt\/index.php\/wp-json\/wp\/v2\/types\/product"}],"replies":[{"embeddable":true,"href":"https:\/\/casadolivreiro.pt\/index.php\/wp-json\/wp\/v2\/comments?post=3699"}],"wp:featuredmedia":[{"embeddable":true,"href":"https:\/\/casadolivreiro.pt\/index.php\/wp-json\/wp\/v2\/media\/3700"}],"wp:attachment":[{"href":"https:\/\/casadolivreiro.pt\/index.php\/wp-json\/wp\/v2\/media?parent=3699"}],"wp:term":[{"taxonomy":"product_cat","embeddable":true,"href":"https:\/\/casadolivreiro.pt\/index.php\/wp-json\/wp\/v2\/product_cat?post=3699"},{"taxonomy":"product_tag","embeddable":true,"href":"https:\/\/casadolivreiro.pt\/index.php\/wp-json\/wp\/v2\/product_tag?post=3699"}],"curies":[{"name":"wp","href":"https:\/\/api.w.org\/{rel}","templated":true}]}}