{"id":3685,"date":"2025-03-26T17:06:29","date_gmt":"2025-03-26T17:06:29","guid":{"rendered":"https:\/\/casadolivreiro.pt\/?post_type=product&#038;p=3685"},"modified":"2025-03-26T17:06:29","modified_gmt":"2025-03-26T17:06:29","slug":"media-jornalismo-revista-semestral-n-o2-ano-2-2003","status":"publish","type":"product","link":"https:\/\/casadolivreiro.pt\/index.php\/product\/media-jornalismo-revista-semestral-n-o2-ano-2-2003\/","title":{"rendered":"MEDIA &#038; JORNALISMO: Revista Semestral, N.\u00ba2, Ano 2, 2003"},"content":{"rendered":"<p>MEDIA &amp; JORNALISMO: Revista Semestral, N.\u00ba2, Ano 2, 2003<\/p>\n<p>Ano de edi\u00e7\u00e3o: 2003<\/p>\n<p>Editor: Centro de Investiga\u00e7\u00e3o Media e Jornalismo<\/p>\n<p>Idioma: Portugu\u00eas<\/p>\n<p>Dimens\u00f5es: 15.5 x 1.2 x 23cm<\/p>\n<p>Encaderna\u00e7\u00e3o: Capa mole<\/p>\n<p>P\u00e1ginas: 166<\/p>\n","protected":false},"excerpt":{"rendered":"<p>MEDIA &amp; JORNALISMO: Revista Semestral, N.\u00ba2, Ano 2, 2003 Ano de edi\u00e7\u00e3o: 2003 Editor: Centro de Investiga\u00e7\u00e3o Media e Jornalismo Idioma: Portugu\u00eas Dimens\u00f5es: 15.5 x 1.2 x 23cm Encaderna\u00e7\u00e3o: Capa mole P\u00e1ginas: 166<\/p>\n","protected":false},"featured_media":3683,"comment_status":"open","ping_status":"closed","template":"","meta":{"om_disable_all_campaigns":false,"_monsterinsights_skip_tracking":false,"_monsterinsights_sitenote_active":false,"_monsterinsights_sitenote_note":"","_monsterinsights_sitenote_category":0,"_uf_show_specific_survey":0,"_uf_disable_surveys":false},"product_cat":[65],"product_tag":[],"aioseo_notices":[],"jetpack_sharing_enabled":true,"_links":{"self":[{"href":"https:\/\/casadolivreiro.pt\/index.php\/wp-json\/wp\/v2\/product\/3685"}],"collection":[{"href":"https:\/\/casadolivreiro.pt\/index.php\/wp-json\/wp\/v2\/product"}],"about":[{"href":"https:\/\/casadolivreiro.pt\/index.php\/wp-json\/wp\/v2\/types\/product"}],"replies":[{"embeddable":true,"href":"https:\/\/casadolivreiro.pt\/index.php\/wp-json\/wp\/v2\/comments?post=3685"}],"wp:featuredmedia":[{"embeddable":true,"href":"https:\/\/casadolivreiro.pt\/index.php\/wp-json\/wp\/v2\/media\/3683"}],"wp:attachment":[{"href":"https:\/\/casadolivreiro.pt\/index.php\/wp-json\/wp\/v2\/media?parent=3685"}],"wp:term":[{"taxonomy":"product_cat","embeddable":true,"href":"https:\/\/casadolivreiro.pt\/index.php\/wp-json\/wp\/v2\/product_cat?post=3685"},{"taxonomy":"product_tag","embeddable":true,"href":"https:\/\/casadolivreiro.pt\/index.php\/wp-json\/wp\/v2\/product_tag?post=3685"}],"curies":[{"name":"wp","href":"https:\/\/api.w.org\/{rel}","templated":true}]}}