{"id":3682,"date":"2025-03-26T16:51:03","date_gmt":"2025-03-26T16:51:03","guid":{"rendered":"https:\/\/casadolivreiro.pt\/?post_type=product&#038;p=3682"},"modified":"2025-03-26T16:51:03","modified_gmt":"2025-03-26T16:51:03","slug":"figuras-e-factos-do-passado-recordacoes-da-pesca-do-bacalhau-valdemar-aveiro","status":"publish","type":"product","link":"https:\/\/casadolivreiro.pt\/index.php\/product\/figuras-e-factos-do-passado-recordacoes-da-pesca-do-bacalhau-valdemar-aveiro\/","title":{"rendered":"FIGURAS E FACTOS DO PASSADO: Recorda\u00e7\u00f5es da Pesca do Bacalhau \u2013 Valdemar Aveiro"},"content":{"rendered":"<p>FIGURAS E FACTOS DO PASSADO: Recorda\u00e7\u00f5es da Pesca do Bacalhau \u2013 Valdemar Aveiro<\/p>\n<p>Ano de edi\u00e7\u00e3o: 2004<\/p>\n<p>Editor: C\u00e2mara Municipal de \u00cdlhavo<\/p>\n<p>Idioma: Portugu\u00eas<\/p>\n<p>Dimens\u00f5es: 17 x 1.3 x 23cm<\/p>\n<p>Encaderna\u00e7\u00e3o: Capa mole<\/p>\n<p>P\u00e1ginas: 218<\/p>\n","protected":false},"excerpt":{"rendered":"<p>FIGURAS E FACTOS DO PASSADO: Recorda\u00e7\u00f5es da Pesca do Bacalhau \u2013 Valdemar Aveiro Ano de edi\u00e7\u00e3o: 2004 Editor: C\u00e2mara Municipal de \u00cdlhavo Idioma: Portugu\u00eas Dimens\u00f5es: 17 x 1.3 x 23cm Encaderna\u00e7\u00e3o: Capa mole P\u00e1ginas: 218<\/p>\n","protected":false},"featured_media":3683,"comment_status":"open","ping_status":"closed","template":"","meta":{"om_disable_all_campaigns":false,"_monsterinsights_skip_tracking":false,"_monsterinsights_sitenote_active":false,"_monsterinsights_sitenote_note":"","_monsterinsights_sitenote_category":0,"_uf_show_specific_survey":0,"_uf_disable_surveys":false},"product_cat":[31,41],"product_tag":[],"aioseo_notices":[],"jetpack_sharing_enabled":true,"_links":{"self":[{"href":"https:\/\/casadolivreiro.pt\/index.php\/wp-json\/wp\/v2\/product\/3682"}],"collection":[{"href":"https:\/\/casadolivreiro.pt\/index.php\/wp-json\/wp\/v2\/product"}],"about":[{"href":"https:\/\/casadolivreiro.pt\/index.php\/wp-json\/wp\/v2\/types\/product"}],"replies":[{"embeddable":true,"href":"https:\/\/casadolivreiro.pt\/index.php\/wp-json\/wp\/v2\/comments?post=3682"}],"wp:featuredmedia":[{"embeddable":true,"href":"https:\/\/casadolivreiro.pt\/index.php\/wp-json\/wp\/v2\/media\/3683"}],"wp:attachment":[{"href":"https:\/\/casadolivreiro.pt\/index.php\/wp-json\/wp\/v2\/media?parent=3682"}],"wp:term":[{"taxonomy":"product_cat","embeddable":true,"href":"https:\/\/casadolivreiro.pt\/index.php\/wp-json\/wp\/v2\/product_cat?post=3682"},{"taxonomy":"product_tag","embeddable":true,"href":"https:\/\/casadolivreiro.pt\/index.php\/wp-json\/wp\/v2\/product_tag?post=3682"}],"curies":[{"name":"wp","href":"https:\/\/api.w.org\/{rel}","templated":true}]}}