{"id":3680,"date":"2025-03-26T16:44:57","date_gmt":"2025-03-26T16:44:57","guid":{"rendered":"https:\/\/casadolivreiro.pt\/?post_type=product&#038;p=3680"},"modified":"2025-03-26T16:44:58","modified_gmt":"2025-03-26T16:44:58","slug":"tribunais-e-alternativas-as-vias-da-justica-ao-seu-alcance","status":"publish","type":"product","link":"https:\/\/casadolivreiro.pt\/index.php\/product\/tribunais-e-alternativas-as-vias-da-justica-ao-seu-alcance\/","title":{"rendered":"TRIBUNAIS E ALTERNATIVAS: As vias da justi\u00e7a ao seu alcance"},"content":{"rendered":"<p>TRIBUNAIS E ALTERNATIVAS: As vias da justi\u00e7a ao seu alcance<\/p>\n<p>Ano de edi\u00e7\u00e3o: 2014, 1.\u00aa edi\u00e7\u00e3o<\/p>\n<p>Editor: Edi\u00e7\u00f5es Deco Proteste, Lisboa<\/p>\n<p>Idioma: Portugu\u00eas<\/p>\n<p>Dimens\u00f5es: 16 x 1 x 23.5cm<\/p>\n<p>Encaderna\u00e7\u00e3o: Capa mole<\/p>\n<p>P\u00e1ginas: 175<\/p>\n","protected":false},"excerpt":{"rendered":"<p>TRIBUNAIS E ALTERNATIVAS: As vias da justi\u00e7a ao seu alcance Ano de edi\u00e7\u00e3o: 2014, 1.\u00aa edi\u00e7\u00e3o Editor: Edi\u00e7\u00f5es Deco Proteste, Lisboa Idioma: Portugu\u00eas Dimens\u00f5es: 16 x 1 x 23.5cm Encaderna\u00e7\u00e3o: Capa mole P\u00e1ginas: 175<\/p>\n","protected":false},"featured_media":3681,"comment_status":"open","ping_status":"closed","template":"","meta":{"om_disable_all_campaigns":false,"_monsterinsights_skip_tracking":false,"_monsterinsights_sitenote_active":false,"_monsterinsights_sitenote_note":"","_monsterinsights_sitenote_category":0,"_uf_show_specific_survey":0,"_uf_disable_surveys":false},"product_cat":[42],"product_tag":[],"aioseo_notices":[],"jetpack_sharing_enabled":true,"_links":{"self":[{"href":"https:\/\/casadolivreiro.pt\/index.php\/wp-json\/wp\/v2\/product\/3680"}],"collection":[{"href":"https:\/\/casadolivreiro.pt\/index.php\/wp-json\/wp\/v2\/product"}],"about":[{"href":"https:\/\/casadolivreiro.pt\/index.php\/wp-json\/wp\/v2\/types\/product"}],"replies":[{"embeddable":true,"href":"https:\/\/casadolivreiro.pt\/index.php\/wp-json\/wp\/v2\/comments?post=3680"}],"wp:featuredmedia":[{"embeddable":true,"href":"https:\/\/casadolivreiro.pt\/index.php\/wp-json\/wp\/v2\/media\/3681"}],"wp:attachment":[{"href":"https:\/\/casadolivreiro.pt\/index.php\/wp-json\/wp\/v2\/media?parent=3680"}],"wp:term":[{"taxonomy":"product_cat","embeddable":true,"href":"https:\/\/casadolivreiro.pt\/index.php\/wp-json\/wp\/v2\/product_cat?post=3680"},{"taxonomy":"product_tag","embeddable":true,"href":"https:\/\/casadolivreiro.pt\/index.php\/wp-json\/wp\/v2\/product_tag?post=3680"}],"curies":[{"name":"wp","href":"https:\/\/api.w.org\/{rel}","templated":true}]}}