{"id":3678,"date":"2025-03-26T16:39:25","date_gmt":"2025-03-26T16:39:25","guid":{"rendered":"https:\/\/casadolivreiro.pt\/?post_type=product&#038;p=3678"},"modified":"2025-03-26T16:39:25","modified_gmt":"2025-03-26T16:39:25","slug":"falar-de-mulheres-da-igualdade-a-paridade-zilia-osorio-de-castro-antonio-ferreira-de-sousa-marilia-favinha","status":"publish","type":"product","link":"https:\/\/casadolivreiro.pt\/index.php\/product\/falar-de-mulheres-da-igualdade-a-paridade-zilia-osorio-de-castro-antonio-ferreira-de-sousa-marilia-favinha\/","title":{"rendered":"FALAR DE MULHERES: Da Igualdade \u00e0 Paridade \u2013 Z\u00edlia Os\u00f3rio de Castro, Ant\u00f3nio Ferreira de Sousa, Mar\u00edlia Favinha"},"content":{"rendered":"<p>FALAR DE MULHERES: Da Igualdade \u00e0 Paridade \u2013 Z\u00edlia Os\u00f3rio de Castro, Ant\u00f3nio Ferreira de Sousa, Mar\u00edlia Favinha<\/p>\n<p>Ano de edi\u00e7\u00e3o: 2003<\/p>\n<p>Editor: Livros Horizonte<\/p>\n<p>Idioma: Portugu\u00eas<\/p>\n<p>Dimens\u00f5es: 17 x 1.7 x 24cm<\/p>\n<p>Encaderna\u00e7\u00e3o: Capa mole<\/p>\n<p>P\u00e1ginas: 294<\/p>\n","protected":false},"excerpt":{"rendered":"<p>FALAR DE MULHERES: Da Igualdade \u00e0 Paridade \u2013 Z\u00edlia Os\u00f3rio de Castro, Ant\u00f3nio Ferreira de Sousa, Mar\u00edlia Favinha Ano de edi\u00e7\u00e3o: 2003 Editor: Livros Horizonte Idioma: Portugu\u00eas Dimens\u00f5es: 17 x 1.7 x 24cm Encaderna\u00e7\u00e3o: Capa mole P\u00e1ginas: 294<\/p>\n","protected":false},"featured_media":3679,"comment_status":"open","ping_status":"closed","template":"","meta":{"om_disable_all_campaigns":false,"_monsterinsights_skip_tracking":false,"_monsterinsights_sitenote_active":false,"_monsterinsights_sitenote_note":"","_monsterinsights_sitenote_category":0,"_uf_show_specific_survey":0,"_uf_disable_surveys":false},"product_cat":[31,62],"product_tag":[],"aioseo_notices":[],"jetpack_sharing_enabled":true,"_links":{"self":[{"href":"https:\/\/casadolivreiro.pt\/index.php\/wp-json\/wp\/v2\/product\/3678"}],"collection":[{"href":"https:\/\/casadolivreiro.pt\/index.php\/wp-json\/wp\/v2\/product"}],"about":[{"href":"https:\/\/casadolivreiro.pt\/index.php\/wp-json\/wp\/v2\/types\/product"}],"replies":[{"embeddable":true,"href":"https:\/\/casadolivreiro.pt\/index.php\/wp-json\/wp\/v2\/comments?post=3678"}],"wp:featuredmedia":[{"embeddable":true,"href":"https:\/\/casadolivreiro.pt\/index.php\/wp-json\/wp\/v2\/media\/3679"}],"wp:attachment":[{"href":"https:\/\/casadolivreiro.pt\/index.php\/wp-json\/wp\/v2\/media?parent=3678"}],"wp:term":[{"taxonomy":"product_cat","embeddable":true,"href":"https:\/\/casadolivreiro.pt\/index.php\/wp-json\/wp\/v2\/product_cat?post=3678"},{"taxonomy":"product_tag","embeddable":true,"href":"https:\/\/casadolivreiro.pt\/index.php\/wp-json\/wp\/v2\/product_tag?post=3678"}],"curies":[{"name":"wp","href":"https:\/\/api.w.org\/{rel}","templated":true}]}}