{"id":3676,"date":"2025-03-26T13:46:04","date_gmt":"2025-03-26T13:46:04","guid":{"rendered":"https:\/\/casadolivreiro.pt\/?post_type=product&#038;p=3676"},"modified":"2025-03-26T13:46:05","modified_gmt":"2025-03-26T13:46:05","slug":"modesto-navarro-e-fernando-correia-no-auditorio-da-biblioteca-municipal-do-barreiro","status":"publish","type":"product","link":"https:\/\/casadolivreiro.pt\/index.php\/product\/modesto-navarro-e-fernando-correia-no-auditorio-da-biblioteca-municipal-do-barreiro\/","title":{"rendered":"MODESTO NAVARRO e FERNANDO CORREIA no audit\u00f3rio da biblioteca municipal do Barreiro"},"content":{"rendered":"<p>MODESTO NAVARRO e FERNANDO CORREIA no audit\u00f3rio da biblioteca municipal do Barreiro<\/p>\n<p>Conferencia organizada pela C\u00e2mara Municipal do Barreiro, no \u00e2mbito das Comemora\u00e7\u00f5es do 20.\u00ba Anivers\u00e1rio do 25 de Abril, que decorreu no audit\u00f3rio da Biblioteca Municipal do Barreiro, contou com interven\u00e7\u00f5es de Antonio Modesto Navarro com discurso intitulado Mem\u00f3ria de Abril e do Sul, e de Fernando Lopes Ad\u00e3o Correia com discurso intitulado A Censura e os Seus Mecanismos no Tempo do Fascismo.<\/p>\n<p>Ano de edi\u00e7\u00e3o: 1995<\/p>\n<p>Editor: C.M. Barreiro<\/p>\n<p>Idioma: Portugu\u00eas<\/p>\n<p>Dimens\u00f5es: 21 x 0.2 x 21cm<\/p>\n<p>Encaderna\u00e7\u00e3o: Capa mole<\/p>\n<p>P\u00e1ginas: 31<\/p>\n","protected":false},"excerpt":{"rendered":"<p>MODESTO NAVARRO e FERNANDO CORREIA no audit\u00f3rio da biblioteca municipal do Barreiro Conferencia organizada pela C\u00e2mara Municipal do Barreiro, no \u00e2mbito das Comemora\u00e7\u00f5es do 20.\u00ba Anivers\u00e1rio do 25 de Abril, que decorreu no audit\u00f3rio da Biblioteca Municipal do Barreiro, contou com interven\u00e7\u00f5es de Antonio Modesto Navarro com discurso intitulado Mem\u00f3ria de Abril e do Sul, [&hellip;]<\/p>\n","protected":false},"featured_media":3677,"comment_status":"open","ping_status":"closed","template":"","meta":{"om_disable_all_campaigns":false,"_monsterinsights_skip_tracking":false,"_monsterinsights_sitenote_active":false,"_monsterinsights_sitenote_note":"","_monsterinsights_sitenote_category":0,"_uf_show_specific_survey":0,"_uf_disable_surveys":false},"product_cat":[31,47,29,30,51,65],"product_tag":[],"aioseo_notices":[],"jetpack_sharing_enabled":true,"_links":{"self":[{"href":"https:\/\/casadolivreiro.pt\/index.php\/wp-json\/wp\/v2\/product\/3676"}],"collection":[{"href":"https:\/\/casadolivreiro.pt\/index.php\/wp-json\/wp\/v2\/product"}],"about":[{"href":"https:\/\/casadolivreiro.pt\/index.php\/wp-json\/wp\/v2\/types\/product"}],"replies":[{"embeddable":true,"href":"https:\/\/casadolivreiro.pt\/index.php\/wp-json\/wp\/v2\/comments?post=3676"}],"wp:featuredmedia":[{"embeddable":true,"href":"https:\/\/casadolivreiro.pt\/index.php\/wp-json\/wp\/v2\/media\/3677"}],"wp:attachment":[{"href":"https:\/\/casadolivreiro.pt\/index.php\/wp-json\/wp\/v2\/media?parent=3676"}],"wp:term":[{"taxonomy":"product_cat","embeddable":true,"href":"https:\/\/casadolivreiro.pt\/index.php\/wp-json\/wp\/v2\/product_cat?post=3676"},{"taxonomy":"product_tag","embeddable":true,"href":"https:\/\/casadolivreiro.pt\/index.php\/wp-json\/wp\/v2\/product_tag?post=3676"}],"curies":[{"name":"wp","href":"https:\/\/api.w.org\/{rel}","templated":true}]}}