{"id":3671,"date":"2025-03-26T13:34:06","date_gmt":"2025-03-26T13:34:06","guid":{"rendered":"https:\/\/casadolivreiro.pt\/?post_type=product&#038;p=3671"},"modified":"2025-03-26T13:34:06","modified_gmt":"2025-03-26T13:34:06","slug":"o-problema-racial-nos-e-u-a-visto-por-portugueses-urbano-tavares-rodrigues","status":"publish","type":"product","link":"https:\/\/casadolivreiro.pt\/index.php\/product\/o-problema-racial-nos-e-u-a-visto-por-portugueses-urbano-tavares-rodrigues\/","title":{"rendered":"O PROBLEMA RACIAL NOS E.U.A. VISTO POR PORTUGUESES \u2013 Urbano Tavares Rodrigues"},"content":{"rendered":"<p>O PROBLEMA RACIAL NOS E.U.A. VISTO POR PORTUGUESES \u2013 Urbano Tavares Rodrigues<\/p>\n<p>Ano de edi\u00e7\u00e3o: 1968<\/p>\n<p>Editor: Editorial Estampa, Lisboa<\/p>\n<p>Idioma: Portugu\u00eas<\/p>\n<p>Dimens\u00f5es: 16.3 x 1 x 16.5cm<\/p>\n<p>Encaderna\u00e7\u00e3o: Capa mole<\/p>\n<p>P\u00e1ginas: 111<\/p>\n","protected":false},"excerpt":{"rendered":"<p>O PROBLEMA RACIAL NOS E.U.A. VISTO POR PORTUGUESES \u2013 Urbano Tavares Rodrigues Ano de edi\u00e7\u00e3o: 1968 Editor: Editorial Estampa, Lisboa Idioma: Portugu\u00eas Dimens\u00f5es: 16.3 x 1 x 16.5cm Encaderna\u00e7\u00e3o: Capa mole P\u00e1ginas: 111<\/p>\n","protected":false},"featured_media":3672,"comment_status":"open","ping_status":"closed","template":"","meta":{"om_disable_all_campaigns":false,"_monsterinsights_skip_tracking":false,"_monsterinsights_sitenote_active":false,"_monsterinsights_sitenote_note":"","_monsterinsights_sitenote_category":0,"_uf_show_specific_survey":0,"_uf_disable_surveys":false},"product_cat":[31,51],"product_tag":[],"aioseo_notices":[],"jetpack_sharing_enabled":true,"_links":{"self":[{"href":"https:\/\/casadolivreiro.pt\/index.php\/wp-json\/wp\/v2\/product\/3671"}],"collection":[{"href":"https:\/\/casadolivreiro.pt\/index.php\/wp-json\/wp\/v2\/product"}],"about":[{"href":"https:\/\/casadolivreiro.pt\/index.php\/wp-json\/wp\/v2\/types\/product"}],"replies":[{"embeddable":true,"href":"https:\/\/casadolivreiro.pt\/index.php\/wp-json\/wp\/v2\/comments?post=3671"}],"wp:featuredmedia":[{"embeddable":true,"href":"https:\/\/casadolivreiro.pt\/index.php\/wp-json\/wp\/v2\/media\/3672"}],"wp:attachment":[{"href":"https:\/\/casadolivreiro.pt\/index.php\/wp-json\/wp\/v2\/media?parent=3671"}],"wp:term":[{"taxonomy":"product_cat","embeddable":true,"href":"https:\/\/casadolivreiro.pt\/index.php\/wp-json\/wp\/v2\/product_cat?post=3671"},{"taxonomy":"product_tag","embeddable":true,"href":"https:\/\/casadolivreiro.pt\/index.php\/wp-json\/wp\/v2\/product_tag?post=3671"}],"curies":[{"name":"wp","href":"https:\/\/api.w.org\/{rel}","templated":true}]}}