{"id":366,"date":"2024-03-10T02:25:27","date_gmt":"2024-03-10T02:25:27","guid":{"rendered":"https:\/\/casadolivreiro.pt\/?post_type=product&#038;p=366"},"modified":"2024-03-10T02:25:45","modified_gmt":"2024-03-10T02:25:45","slug":"historia-universal-10-volumes-publicacoes-alfa","status":"publish","type":"product","link":"https:\/\/casadolivreiro.pt\/index.php\/product\/historia-universal-10-volumes-publicacoes-alfa\/","title":{"rendered":"HIST\u00d3RIA UNIVERSAL \u2013 10 Volumes &#8211; Publica\u00e7\u00f5es Alfa"},"content":{"rendered":"<p>HIST\u00d3RIA UNIVERSAL \u2013 10 Volumes<br \/>\nPublica\u00e7\u00f5es Alfa<br \/>\nSARAIVA. (Jos\u00e9 Hermano) &#8211; Director da edi\u00e7\u00e3o portuguesa<br \/>\nTradu\u00e7\u00e3o de: Carlos Filipe Nogueira, Jos\u00e9 Costa Pereira, Jos\u00e9 J\u00falio Cola\u00e7o Barreiros, Mafalda Tello<br \/>\nEditor: Publica\u00e7\u00f5es Alfa<br \/>\nData de Lan\u00e7amento: 1985 &#8211; 1988<br \/>\nIdioma:\u00a0 Portugu\u00eas<br \/>\nDimens\u00f5es: 10 volumes de 22 x 2,4 x 29 cm<br \/>\nEncaderna\u00e7\u00e3o: Capa dura &#8211; Encaderna\u00e7\u00f5es em percalina com ferros a ouro nas lombadas. Ilustrado nos textos com gravuras a cores e a preto e branco.<br \/>\nP\u00e1ginas: 340 \u2013 380<\/p>\n<p>Volume I &#8211; O Mundo Mediterr\u00e2nico e a Europa Continental Pr\u00e9-Historia-S\u00e9culo III. Volume II &#8211; Europa, S\u00e9culos III-X. Volume II &#8211; O Mundo Isl\u00e2mico S\u00e9culos VII-XV. Volume IV &#8211; Europa, S\u00e9culos XI-XV. Volume V &#8211; \u00c1sia, \u00c1frica e Am\u00e9rica Pr\u00e9-Hist\u00f3ria-S\u00e9culo XV. Volume VI &#8211; Europa, S\u00e9culos XVI-XVIII. Volume VII &#8211; \u00c1sia, \u00c1frica e Am\u00e9rica S\u00e9culos XVI-XVIII. Volume VIII &#8211; Europa e Am\u00e9rica do Norte S\u00e9culo XIX. Volume IX &#8211; Europa e Am\u00e9rica do Norte S\u00e9culo XX. Volume X &#8211; \u00c1sia, \u00c1frica e Am\u00e9rica Latina S\u00e9culos XIX-XX.<\/p>\n<p>&nbsp;<\/p>\n","protected":false},"excerpt":{"rendered":"<p>HIST\u00d3RIA UNIVERSAL \u2013 10 Volumes Publica\u00e7\u00f5es Alfa SARAIVA. (Jos\u00e9 Hermano) &#8211; Director da edi\u00e7\u00e3o portuguesa Tradu\u00e7\u00e3o de: Carlos Filipe Nogueira, Jos\u00e9 Costa Pereira, Jos\u00e9 J\u00falio Cola\u00e7o Barreiros, Mafalda Tello Editor: Publica\u00e7\u00f5es Alfa Data de Lan\u00e7amento: 1985 &#8211; 1988 Idioma:\u00a0 Portugu\u00eas Dimens\u00f5es: 10 volumes de 22 x 2,4 x 29 cm Encaderna\u00e7\u00e3o: Capa dura &#8211; Encaderna\u00e7\u00f5es [&hellip;]<\/p>\n","protected":false},"featured_media":367,"comment_status":"open","ping_status":"closed","template":"","meta":{"om_disable_all_campaigns":false,"_monsterinsights_skip_tracking":false,"_monsterinsights_sitenote_active":false,"_monsterinsights_sitenote_note":"","_monsterinsights_sitenote_category":0,"_uf_show_specific_survey":0,"_uf_disable_surveys":false},"product_cat":[46,30,62],"product_tag":[],"aioseo_notices":[],"jetpack_sharing_enabled":true,"_links":{"self":[{"href":"https:\/\/casadolivreiro.pt\/index.php\/wp-json\/wp\/v2\/product\/366"}],"collection":[{"href":"https:\/\/casadolivreiro.pt\/index.php\/wp-json\/wp\/v2\/product"}],"about":[{"href":"https:\/\/casadolivreiro.pt\/index.php\/wp-json\/wp\/v2\/types\/product"}],"replies":[{"embeddable":true,"href":"https:\/\/casadolivreiro.pt\/index.php\/wp-json\/wp\/v2\/comments?post=366"}],"wp:featuredmedia":[{"embeddable":true,"href":"https:\/\/casadolivreiro.pt\/index.php\/wp-json\/wp\/v2\/media\/367"}],"wp:attachment":[{"href":"https:\/\/casadolivreiro.pt\/index.php\/wp-json\/wp\/v2\/media?parent=366"}],"wp:term":[{"taxonomy":"product_cat","embeddable":true,"href":"https:\/\/casadolivreiro.pt\/index.php\/wp-json\/wp\/v2\/product_cat?post=366"},{"taxonomy":"product_tag","embeddable":true,"href":"https:\/\/casadolivreiro.pt\/index.php\/wp-json\/wp\/v2\/product_tag?post=366"}],"curies":[{"name":"wp","href":"https:\/\/api.w.org\/{rel}","templated":true}]}}