{"id":3646,"date":"2025-03-26T01:03:09","date_gmt":"2025-03-26T01:03:09","guid":{"rendered":"https:\/\/casadolivreiro.pt\/?post_type=product&#038;p=3646"},"modified":"2025-03-26T01:03:09","modified_gmt":"2025-03-26T01:03:09","slug":"problemas-de-la-generacion-joven-ernst-fischer","status":"publish","type":"product","link":"https:\/\/casadolivreiro.pt\/index.php\/product\/problemas-de-la-generacion-joven-ernst-fischer\/","title":{"rendered":"PROBLEMAS DE LA GENERACI\u00d3N JOVEN \u2013 Ernst Fischer"},"content":{"rendered":"<p>PROBLEMAS DE LA GENERACI\u00d3N JOVEN \u2013 Ernst Fischer<\/p>\n<p>Tradu\u00e7\u00e3o de Victor S\u00e1nchez de Zavala<\/p>\n<p>Ano de edi\u00e7\u00e3o: 1968<\/p>\n<p>Editor: Editorial Ciencia Nueva, Madrid<\/p>\n<p>Idioma: Espanhol<\/p>\n<p>Dimens\u00f5es: 15.6 x 2 x 21.4cm<\/p>\n<p>Encaderna\u00e7\u00e3o: Capa mole<\/p>\n<p>P\u00e1ginas: 264<\/p>\n","protected":false},"excerpt":{"rendered":"<p>PROBLEMAS DE LA GENERACI\u00d3N JOVEN \u2013 Ernst Fischer Tradu\u00e7\u00e3o de Victor S\u00e1nchez de Zavala Ano de edi\u00e7\u00e3o: 1968 Editor: Editorial Ciencia Nueva, Madrid Idioma: Espanhol Dimens\u00f5es: 15.6 x 2 x 21.4cm Encaderna\u00e7\u00e3o: Capa mole P\u00e1ginas: 264<\/p>\n","protected":false},"featured_media":3644,"comment_status":"open","ping_status":"closed","template":"","meta":{"om_disable_all_campaigns":false,"_monsterinsights_skip_tracking":false,"_monsterinsights_sitenote_active":false,"_monsterinsights_sitenote_note":"","_monsterinsights_sitenote_category":0,"_uf_show_specific_survey":0,"_uf_disable_surveys":false},"product_cat":[31,57],"product_tag":[],"aioseo_notices":[],"jetpack_sharing_enabled":true,"_links":{"self":[{"href":"https:\/\/casadolivreiro.pt\/index.php\/wp-json\/wp\/v2\/product\/3646"}],"collection":[{"href":"https:\/\/casadolivreiro.pt\/index.php\/wp-json\/wp\/v2\/product"}],"about":[{"href":"https:\/\/casadolivreiro.pt\/index.php\/wp-json\/wp\/v2\/types\/product"}],"replies":[{"embeddable":true,"href":"https:\/\/casadolivreiro.pt\/index.php\/wp-json\/wp\/v2\/comments?post=3646"}],"wp:featuredmedia":[{"embeddable":true,"href":"https:\/\/casadolivreiro.pt\/index.php\/wp-json\/wp\/v2\/media\/3644"}],"wp:attachment":[{"href":"https:\/\/casadolivreiro.pt\/index.php\/wp-json\/wp\/v2\/media?parent=3646"}],"wp:term":[{"taxonomy":"product_cat","embeddable":true,"href":"https:\/\/casadolivreiro.pt\/index.php\/wp-json\/wp\/v2\/product_cat?post=3646"},{"taxonomy":"product_tag","embeddable":true,"href":"https:\/\/casadolivreiro.pt\/index.php\/wp-json\/wp\/v2\/product_tag?post=3646"}],"curies":[{"name":"wp","href":"https:\/\/api.w.org\/{rel}","templated":true}]}}