{"id":3643,"date":"2025-03-26T00:54:30","date_gmt":"2025-03-26T00:54:30","guid":{"rendered":"https:\/\/casadolivreiro.pt\/?post_type=product&#038;p=3643"},"modified":"2025-03-26T00:54:30","modified_gmt":"2025-03-26T00:54:30","slug":"trincheira-arte-valentia-e-tragedia-rui-anjos","status":"publish","type":"product","link":"https:\/\/casadolivreiro.pt\/index.php\/product\/trincheira-arte-valentia-e-tragedia-rui-anjos\/","title":{"rendered":"TRINCHEIRA: ARTE VALENTIA E TRAG\u00c9DIA \u2013 Rui Anjos"},"content":{"rendered":"<p>TRINCHEIRA: ARTE VALENTIA E TRAG\u00c9DIA \u2013 Rui Anjos<\/p>\n<p>Ano de edi\u00e7\u00e3o: 1977<\/p>\n<p>Editor: Domingos Mathias de Ara\u00fajo, Lisboa<\/p>\n<p>Idioma: Portugu\u00eas<\/p>\n<p>Dimens\u00f5es: 14.8 x 1 x 21cm<\/p>\n<p>Encaderna\u00e7\u00e3o: Capa mole<\/p>\n<p>P\u00e1ginas: 175<\/p>\n","protected":false},"excerpt":{"rendered":"<p>TRINCHEIRA: ARTE VALENTIA E TRAG\u00c9DIA \u2013 Rui Anjos Ano de edi\u00e7\u00e3o: 1977 Editor: Domingos Mathias de Ara\u00fajo, Lisboa Idioma: Portugu\u00eas Dimens\u00f5es: 14.8 x 1 x 21cm Encaderna\u00e7\u00e3o: Capa mole P\u00e1ginas: 175<\/p>\n","protected":false},"featured_media":3645,"comment_status":"open","ping_status":"closed","template":"","meta":{"om_disable_all_campaigns":false,"_monsterinsights_skip_tracking":false,"_monsterinsights_sitenote_active":false,"_monsterinsights_sitenote_note":"","_monsterinsights_sitenote_category":0,"_uf_show_specific_survey":0,"_uf_disable_surveys":false},"product_cat":[31,39],"product_tag":[],"aioseo_notices":[],"jetpack_sharing_enabled":true,"_links":{"self":[{"href":"https:\/\/casadolivreiro.pt\/index.php\/wp-json\/wp\/v2\/product\/3643"}],"collection":[{"href":"https:\/\/casadolivreiro.pt\/index.php\/wp-json\/wp\/v2\/product"}],"about":[{"href":"https:\/\/casadolivreiro.pt\/index.php\/wp-json\/wp\/v2\/types\/product"}],"replies":[{"embeddable":true,"href":"https:\/\/casadolivreiro.pt\/index.php\/wp-json\/wp\/v2\/comments?post=3643"}],"wp:featuredmedia":[{"embeddable":true,"href":"https:\/\/casadolivreiro.pt\/index.php\/wp-json\/wp\/v2\/media\/3645"}],"wp:attachment":[{"href":"https:\/\/casadolivreiro.pt\/index.php\/wp-json\/wp\/v2\/media?parent=3643"}],"wp:term":[{"taxonomy":"product_cat","embeddable":true,"href":"https:\/\/casadolivreiro.pt\/index.php\/wp-json\/wp\/v2\/product_cat?post=3643"},{"taxonomy":"product_tag","embeddable":true,"href":"https:\/\/casadolivreiro.pt\/index.php\/wp-json\/wp\/v2\/product_tag?post=3643"}],"curies":[{"name":"wp","href":"https:\/\/api.w.org\/{rel}","templated":true}]}}