{"id":364,"date":"2024-03-10T02:21:57","date_gmt":"2024-03-10T02:21:57","guid":{"rendered":"https:\/\/casadolivreiro.pt\/?post_type=product&#038;p=364"},"modified":"2024-03-10T02:21:57","modified_gmt":"2024-03-10T02:21:57","slug":"medicina-para-principiantes-tony-pinchuck-e-richard-clark","status":"publish","type":"product","link":"https:\/\/casadolivreiro.pt\/index.php\/product\/medicina-para-principiantes-tony-pinchuck-e-richard-clark\/","title":{"rendered":"MEDICINA PARA PRINCIPIANTES &#8211; Tony Pinchuck e Richard Clark"},"content":{"rendered":"<p>MEDICINA PARA PRINCIPIANTES<br \/>\nTony Pinchuck e Richard Clark<br \/>\nEditor: Publica\u00e7\u00f5es Dom Quixote, Lisboa<br \/>\nData de Lan\u00e7amento: 1985<br \/>\nIdioma:\u00a0 Portugu\u00eas<br \/>\nDimens\u00f5es: 13.5 x 1.1 x 21 cm<br \/>\nEncaderna\u00e7\u00e3o: Capa mole<br \/>\nP\u00e1ginas: 177<\/p>\n","protected":false},"excerpt":{"rendered":"<p>MEDICINA PARA PRINCIPIANTES Tony Pinchuck e Richard Clark Editor: Publica\u00e7\u00f5es Dom Quixote, Lisboa Data de Lan\u00e7amento: 1985 Idioma:\u00a0 Portugu\u00eas Dimens\u00f5es: 13.5 x 1.1 x 21 cm Encaderna\u00e7\u00e3o: Capa mole P\u00e1ginas: 177<\/p>\n","protected":false},"featured_media":365,"comment_status":"open","ping_status":"closed","template":"","meta":{"om_disable_all_campaigns":false,"_monsterinsights_skip_tracking":false,"_monsterinsights_sitenote_active":false,"_monsterinsights_sitenote_note":"","_monsterinsights_sitenote_category":0,"_uf_show_specific_survey":0,"_uf_disable_surveys":false},"product_cat":[35,62],"product_tag":[],"aioseo_notices":[],"jetpack_sharing_enabled":true,"_links":{"self":[{"href":"https:\/\/casadolivreiro.pt\/index.php\/wp-json\/wp\/v2\/product\/364"}],"collection":[{"href":"https:\/\/casadolivreiro.pt\/index.php\/wp-json\/wp\/v2\/product"}],"about":[{"href":"https:\/\/casadolivreiro.pt\/index.php\/wp-json\/wp\/v2\/types\/product"}],"replies":[{"embeddable":true,"href":"https:\/\/casadolivreiro.pt\/index.php\/wp-json\/wp\/v2\/comments?post=364"}],"wp:featuredmedia":[{"embeddable":true,"href":"https:\/\/casadolivreiro.pt\/index.php\/wp-json\/wp\/v2\/media\/365"}],"wp:attachment":[{"href":"https:\/\/casadolivreiro.pt\/index.php\/wp-json\/wp\/v2\/media?parent=364"}],"wp:term":[{"taxonomy":"product_cat","embeddable":true,"href":"https:\/\/casadolivreiro.pt\/index.php\/wp-json\/wp\/v2\/product_cat?post=364"},{"taxonomy":"product_tag","embeddable":true,"href":"https:\/\/casadolivreiro.pt\/index.php\/wp-json\/wp\/v2\/product_tag?post=364"}],"curies":[{"name":"wp","href":"https:\/\/api.w.org\/{rel}","templated":true}]}}