{"id":3638,"date":"2025-03-26T00:35:43","date_gmt":"2025-03-26T00:35:43","guid":{"rendered":"https:\/\/casadolivreiro.pt\/?post_type=product&#038;p=3638"},"modified":"2025-03-26T00:35:43","modified_gmt":"2025-03-26T00:35:43","slug":"a-china-no-ano-2001-han-suyin","status":"publish","type":"product","link":"https:\/\/casadolivreiro.pt\/index.php\/product\/a-china-no-ano-2001-han-suyin\/","title":{"rendered":"A CHINA NO ANO 2001 \u2013 Han Suyin"},"content":{"rendered":"<p>A CHINA NO ANO 2001 \u2013 Han Suyin<\/p>\n<p>Tradu\u00e7\u00e3o: Armando Pereira da Silva, Domingos Vieira, Rui Nunes<\/p>\n<p>Ano de edi\u00e7\u00e3o: 1969<\/p>\n<p>Editor: Editorial Inicio, Lisboa<\/p>\n<p>Idioma: Portugu\u00eas<\/p>\n<p>Dimens\u00f5es: 14 x 2.7 x\u00a0 21cm<\/p>\n<p>Encaderna\u00e7\u00e3o: Capa mole<\/p>\n<p>P\u00e1ginas: 331<\/p>\n","protected":false},"excerpt":{"rendered":"<p>A CHINA NO ANO 2001 \u2013 Han Suyin Tradu\u00e7\u00e3o: Armando Pereira da Silva, Domingos Vieira, Rui Nunes Ano de edi\u00e7\u00e3o: 1969 Editor: Editorial Inicio, Lisboa Idioma: Portugu\u00eas Dimens\u00f5es: 14 x 2.7 x\u00a0 21cm Encaderna\u00e7\u00e3o: Capa mole P\u00e1ginas: 331<\/p>\n","protected":false},"featured_media":3639,"comment_status":"open","ping_status":"closed","template":"","meta":{"om_disable_all_campaigns":false,"_monsterinsights_skip_tracking":false,"_monsterinsights_sitenote_active":false,"_monsterinsights_sitenote_note":"","_monsterinsights_sitenote_category":0,"_uf_show_specific_survey":0,"_uf_disable_surveys":false},"product_cat":[31,30,51],"product_tag":[],"aioseo_notices":[],"jetpack_sharing_enabled":true,"_links":{"self":[{"href":"https:\/\/casadolivreiro.pt\/index.php\/wp-json\/wp\/v2\/product\/3638"}],"collection":[{"href":"https:\/\/casadolivreiro.pt\/index.php\/wp-json\/wp\/v2\/product"}],"about":[{"href":"https:\/\/casadolivreiro.pt\/index.php\/wp-json\/wp\/v2\/types\/product"}],"replies":[{"embeddable":true,"href":"https:\/\/casadolivreiro.pt\/index.php\/wp-json\/wp\/v2\/comments?post=3638"}],"wp:featuredmedia":[{"embeddable":true,"href":"https:\/\/casadolivreiro.pt\/index.php\/wp-json\/wp\/v2\/media\/3639"}],"wp:attachment":[{"href":"https:\/\/casadolivreiro.pt\/index.php\/wp-json\/wp\/v2\/media?parent=3638"}],"wp:term":[{"taxonomy":"product_cat","embeddable":true,"href":"https:\/\/casadolivreiro.pt\/index.php\/wp-json\/wp\/v2\/product_cat?post=3638"},{"taxonomy":"product_tag","embeddable":true,"href":"https:\/\/casadolivreiro.pt\/index.php\/wp-json\/wp\/v2\/product_tag?post=3638"}],"curies":[{"name":"wp","href":"https:\/\/api.w.org\/{rel}","templated":true}]}}