{"id":3629,"date":"2025-03-26T00:04:38","date_gmt":"2025-03-26T00:04:38","guid":{"rendered":"https:\/\/casadolivreiro.pt\/?post_type=product&#038;p=3629"},"modified":"2025-03-26T00:04:38","modified_gmt":"2025-03-26T00:04:38","slug":"irmaos-a-historia-oculta-dos-anos-kennedy-4-volumes-david-talbot","status":"publish","type":"product","link":"https:\/\/casadolivreiro.pt\/index.php\/product\/irmaos-a-historia-oculta-dos-anos-kennedy-4-volumes-david-talbot\/","title":{"rendered":"IRM\u00c3OS: A HIST\u00d3RIA OCULTA DOS ANOS KENNEDY, 4 volumes \u2013 David Talbot"},"content":{"rendered":"<p>IRM\u00c3OS: A HIST\u00d3RIA OCULTA DOS ANOS KENNEDY, 4 volumes \u2013 David Talbot<\/p>\n<p>Tradu\u00e7\u00e3o de Gon\u00e7alo Pra\u00e7a<\/p>\n<p>Ano de edi\u00e7\u00e3o: 2018<\/p>\n<p>Editor: Glaciar (para a revista S\u00e1bado)<\/p>\n<p>Idioma: Portugu\u00eas<\/p>\n<p>Dimens\u00f5es: 13 x 1.2 x 19.5cm<\/p>\n<p>Encaderna\u00e7\u00e3o: Capa mole<\/p>\n<p>P\u00e1ginas: 128 + 125 + 176 + 143<\/p>\n","protected":false},"excerpt":{"rendered":"<p>IRM\u00c3OS: A HIST\u00d3RIA OCULTA DOS ANOS KENNEDY, 4 volumes \u2013 David Talbot Tradu\u00e7\u00e3o de Gon\u00e7alo Pra\u00e7a Ano de edi\u00e7\u00e3o: 2018 Editor: Glaciar (para a revista S\u00e1bado) Idioma: Portugu\u00eas Dimens\u00f5es: 13 x 1.2 x 19.5cm Encaderna\u00e7\u00e3o: Capa mole P\u00e1ginas: 128 + 125 + 176 + 143<\/p>\n","protected":false},"featured_media":3630,"comment_status":"open","ping_status":"closed","template":"","meta":{"om_disable_all_campaigns":false,"_monsterinsights_skip_tracking":false,"_monsterinsights_sitenote_active":false,"_monsterinsights_sitenote_note":"","_monsterinsights_sitenote_category":0,"_uf_show_specific_survey":0,"_uf_disable_surveys":false},"product_cat":[28,30,51],"product_tag":[],"aioseo_notices":[],"jetpack_sharing_enabled":true,"_links":{"self":[{"href":"https:\/\/casadolivreiro.pt\/index.php\/wp-json\/wp\/v2\/product\/3629"}],"collection":[{"href":"https:\/\/casadolivreiro.pt\/index.php\/wp-json\/wp\/v2\/product"}],"about":[{"href":"https:\/\/casadolivreiro.pt\/index.php\/wp-json\/wp\/v2\/types\/product"}],"replies":[{"embeddable":true,"href":"https:\/\/casadolivreiro.pt\/index.php\/wp-json\/wp\/v2\/comments?post=3629"}],"wp:featuredmedia":[{"embeddable":true,"href":"https:\/\/casadolivreiro.pt\/index.php\/wp-json\/wp\/v2\/media\/3630"}],"wp:attachment":[{"href":"https:\/\/casadolivreiro.pt\/index.php\/wp-json\/wp\/v2\/media?parent=3629"}],"wp:term":[{"taxonomy":"product_cat","embeddable":true,"href":"https:\/\/casadolivreiro.pt\/index.php\/wp-json\/wp\/v2\/product_cat?post=3629"},{"taxonomy":"product_tag","embeddable":true,"href":"https:\/\/casadolivreiro.pt\/index.php\/wp-json\/wp\/v2\/product_tag?post=3629"}],"curies":[{"name":"wp","href":"https:\/\/api.w.org\/{rel}","templated":true}]}}