{"id":3614,"date":"2025-03-25T23:28:40","date_gmt":"2025-03-25T23:28:40","guid":{"rendered":"https:\/\/casadolivreiro.pt\/?post_type=product&#038;p=3614"},"modified":"2025-03-25T23:28:40","modified_gmt":"2025-03-25T23:28:40","slug":"gomorra-vol-1-roberto-saviano","status":"publish","type":"product","link":"https:\/\/casadolivreiro.pt\/index.php\/product\/gomorra-vol-1-roberto-saviano\/","title":{"rendered":"GOMORRA, vol.1 \u2013 Roberto Saviano"},"content":{"rendered":"<p>GOMORRA, vol.1 \u2013 Roberto Saviano<\/p>\n<p>Tradu\u00e7\u00e3o de Carlos Aboim de Brito<\/p>\n<p>Ano de edi\u00e7\u00e3o: 2018<\/p>\n<p>Editor: Reverso ( para a revista S\u00e1bado)<\/p>\n<p>Idioma: Portugu\u00eas<\/p>\n<p>Dimens\u00f5es: 13 x 1.2 x\u00a0 19.5cm<\/p>\n<p>Encaderna\u00e7\u00e3o: Capa mole<\/p>\n<p>P\u00e1ginas: 140<\/p>\n","protected":false},"excerpt":{"rendered":"<p>GOMORRA, vol.1 \u2013 Roberto Saviano Tradu\u00e7\u00e3o de Carlos Aboim de Brito Ano de edi\u00e7\u00e3o: 2018 Editor: Reverso ( para a revista S\u00e1bado) Idioma: Portugu\u00eas Dimens\u00f5es: 13 x 1.2 x\u00a0 19.5cm Encaderna\u00e7\u00e3o: Capa mole P\u00e1ginas: 140<\/p>\n","protected":false},"featured_media":3616,"comment_status":"open","ping_status":"closed","template":"","meta":{"om_disable_all_campaigns":false,"_monsterinsights_skip_tracking":false,"_monsterinsights_sitenote_active":false,"_monsterinsights_sitenote_note":"","_monsterinsights_sitenote_category":0,"_uf_show_specific_survey":0,"_uf_disable_surveys":false},"product_cat":[44],"product_tag":[],"aioseo_notices":[],"jetpack_sharing_enabled":true,"_links":{"self":[{"href":"https:\/\/casadolivreiro.pt\/index.php\/wp-json\/wp\/v2\/product\/3614"}],"collection":[{"href":"https:\/\/casadolivreiro.pt\/index.php\/wp-json\/wp\/v2\/product"}],"about":[{"href":"https:\/\/casadolivreiro.pt\/index.php\/wp-json\/wp\/v2\/types\/product"}],"replies":[{"embeddable":true,"href":"https:\/\/casadolivreiro.pt\/index.php\/wp-json\/wp\/v2\/comments?post=3614"}],"wp:featuredmedia":[{"embeddable":true,"href":"https:\/\/casadolivreiro.pt\/index.php\/wp-json\/wp\/v2\/media\/3616"}],"wp:attachment":[{"href":"https:\/\/casadolivreiro.pt\/index.php\/wp-json\/wp\/v2\/media?parent=3614"}],"wp:term":[{"taxonomy":"product_cat","embeddable":true,"href":"https:\/\/casadolivreiro.pt\/index.php\/wp-json\/wp\/v2\/product_cat?post=3614"},{"taxonomy":"product_tag","embeddable":true,"href":"https:\/\/casadolivreiro.pt\/index.php\/wp-json\/wp\/v2\/product_tag?post=3614"}],"curies":[{"name":"wp","href":"https:\/\/api.w.org\/{rel}","templated":true}]}}