{"id":3608,"date":"2025-03-25T20:23:42","date_gmt":"2025-03-25T20:23:42","guid":{"rendered":"https:\/\/casadolivreiro.pt\/?post_type=product&#038;p=3608"},"modified":"2025-03-25T20:23:42","modified_gmt":"2025-03-25T20:23:42","slug":"militarismo-e-politica-na-america-latina-e-lieuwen-j-f-johnson-v-alba-l-w-pye","status":"publish","type":"product","link":"https:\/\/casadolivreiro.pt\/index.php\/product\/militarismo-e-politica-na-america-latina-e-lieuwen-j-f-johnson-v-alba-l-w-pye\/","title":{"rendered":"MILITARISMO E POL\u00cdTICA NA AM\u00c9RICA LATINA \u2013 E. Lieuwen, J.F. Johnson, V. Alba, L. W. Pye"},"content":{"rendered":"<p>MILITARISMO E POL\u00cdTICA NA AM\u00c9RICA LATINA \u2013 E. Lieuwen, J.F. Johnson, V. Alba, L. W. Pye<\/p>\n<p>Colec\u00e7\u00e3o Divulga\u00e7\u00e3o Cultural<\/p>\n<p>Tradu\u00e7\u00e3o de Waltensir Dutra<\/p>\n<p>Ano de edi\u00e7\u00e3o: 1964<\/p>\n<p>Editor: Zahar Editores, Rio de Janeiro<\/p>\n<p>Idioma: Portugu\u00eas<\/p>\n<p>Dimens\u00f5es: 12.5 x 1 x\u00a0 18cm<\/p>\n<p>Encaderna\u00e7\u00e3o: Capa mole<\/p>\n<p>P\u00e1ginas: 110<\/p>\n","protected":false},"excerpt":{"rendered":"<p>MILITARISMO E POL\u00cdTICA NA AM\u00c9RICA LATINA \u2013 E. Lieuwen, J.F. Johnson, V. Alba, L. W. Pye Colec\u00e7\u00e3o Divulga\u00e7\u00e3o Cultural Tradu\u00e7\u00e3o de Waltensir Dutra Ano de edi\u00e7\u00e3o: 1964 Editor: Zahar Editores, Rio de Janeiro Idioma: Portugu\u00eas Dimens\u00f5es: 12.5 x 1 x\u00a0 18cm Encaderna\u00e7\u00e3o: Capa mole P\u00e1ginas: 110<\/p>\n","protected":false},"featured_media":3609,"comment_status":"open","ping_status":"closed","template":"","meta":{"om_disable_all_campaigns":false,"_monsterinsights_skip_tracking":false,"_monsterinsights_sitenote_active":false,"_monsterinsights_sitenote_note":"","_monsterinsights_sitenote_category":0,"_uf_show_specific_survey":0,"_uf_disable_surveys":false},"product_cat":[31,30,51],"product_tag":[],"aioseo_notices":[],"jetpack_sharing_enabled":true,"_links":{"self":[{"href":"https:\/\/casadolivreiro.pt\/index.php\/wp-json\/wp\/v2\/product\/3608"}],"collection":[{"href":"https:\/\/casadolivreiro.pt\/index.php\/wp-json\/wp\/v2\/product"}],"about":[{"href":"https:\/\/casadolivreiro.pt\/index.php\/wp-json\/wp\/v2\/types\/product"}],"replies":[{"embeddable":true,"href":"https:\/\/casadolivreiro.pt\/index.php\/wp-json\/wp\/v2\/comments?post=3608"}],"wp:featuredmedia":[{"embeddable":true,"href":"https:\/\/casadolivreiro.pt\/index.php\/wp-json\/wp\/v2\/media\/3609"}],"wp:attachment":[{"href":"https:\/\/casadolivreiro.pt\/index.php\/wp-json\/wp\/v2\/media?parent=3608"}],"wp:term":[{"taxonomy":"product_cat","embeddable":true,"href":"https:\/\/casadolivreiro.pt\/index.php\/wp-json\/wp\/v2\/product_cat?post=3608"},{"taxonomy":"product_tag","embeddable":true,"href":"https:\/\/casadolivreiro.pt\/index.php\/wp-json\/wp\/v2\/product_tag?post=3608"}],"curies":[{"name":"wp","href":"https:\/\/api.w.org\/{rel}","templated":true}]}}