{"id":3606,"date":"2025-03-25T19:44:40","date_gmt":"2025-03-25T19:44:40","guid":{"rendered":"https:\/\/casadolivreiro.pt\/?post_type=product&#038;p=3606"},"modified":"2025-03-25T19:44:41","modified_gmt":"2025-03-25T19:44:41","slug":"os-dramas-da-emigracao-clandestina-1963-florencio-neto","status":"publish","type":"product","link":"https:\/\/casadolivreiro.pt\/index.php\/product\/os-dramas-da-emigracao-clandestina-1963-florencio-neto\/","title":{"rendered":"OS DRAMAS DA EMIGRA\u00c7\u00c3O CLANDESTINA 1963 \u2013 Flor\u00eancio Neto"},"content":{"rendered":"<p>OS DRAMAS DA EMIGRA\u00c7\u00c3O CLANDESTINA 1963 \u2013 Flor\u00eancio Neto<\/p>\n<p>Ano de edi\u00e7\u00e3o: 1975<\/p>\n<p>Editor: Atl\u00e2ntida Editora, Coimbra<\/p>\n<p>Idioma: Portugu\u00eas<\/p>\n<p>Dimens\u00f5es: 12.3 x 1 x\u00a0 18.9cm<\/p>\n<p>Encaderna\u00e7\u00e3o: Capa mole<\/p>\n<p>P\u00e1ginas: 151<\/p>\n","protected":false},"excerpt":{"rendered":"<p>OS DRAMAS DA EMIGRA\u00c7\u00c3O CLANDESTINA 1963 \u2013 Flor\u00eancio Neto Ano de edi\u00e7\u00e3o: 1975 Editor: Atl\u00e2ntida Editora, Coimbra Idioma: Portugu\u00eas Dimens\u00f5es: 12.3 x 1 x\u00a0 18.9cm Encaderna\u00e7\u00e3o: Capa mole P\u00e1ginas: 151<\/p>\n","protected":false},"featured_media":3607,"comment_status":"open","ping_status":"closed","template":"","meta":{"om_disable_all_campaigns":false,"_monsterinsights_skip_tracking":false,"_monsterinsights_sitenote_active":false,"_monsterinsights_sitenote_note":"","_monsterinsights_sitenote_category":0,"_uf_show_specific_survey":0,"_uf_disable_surveys":false},"product_cat":[31,30,59,51],"product_tag":[],"aioseo_notices":[],"jetpack_sharing_enabled":true,"_links":{"self":[{"href":"https:\/\/casadolivreiro.pt\/index.php\/wp-json\/wp\/v2\/product\/3606"}],"collection":[{"href":"https:\/\/casadolivreiro.pt\/index.php\/wp-json\/wp\/v2\/product"}],"about":[{"href":"https:\/\/casadolivreiro.pt\/index.php\/wp-json\/wp\/v2\/types\/product"}],"replies":[{"embeddable":true,"href":"https:\/\/casadolivreiro.pt\/index.php\/wp-json\/wp\/v2\/comments?post=3606"}],"wp:featuredmedia":[{"embeddable":true,"href":"https:\/\/casadolivreiro.pt\/index.php\/wp-json\/wp\/v2\/media\/3607"}],"wp:attachment":[{"href":"https:\/\/casadolivreiro.pt\/index.php\/wp-json\/wp\/v2\/media?parent=3606"}],"wp:term":[{"taxonomy":"product_cat","embeddable":true,"href":"https:\/\/casadolivreiro.pt\/index.php\/wp-json\/wp\/v2\/product_cat?post=3606"},{"taxonomy":"product_tag","embeddable":true,"href":"https:\/\/casadolivreiro.pt\/index.php\/wp-json\/wp\/v2\/product_tag?post=3606"}],"curies":[{"name":"wp","href":"https:\/\/api.w.org\/{rel}","templated":true}]}}