{"id":3604,"date":"2025-03-25T18:59:25","date_gmt":"2025-03-25T18:59:25","guid":{"rendered":"https:\/\/casadolivreiro.pt\/?post_type=product&#038;p=3604"},"modified":"2025-03-25T18:59:26","modified_gmt":"2025-03-25T18:59:26","slug":"emigracao-portuguesa-joel-serrao-coleccao-horizonte-12","status":"publish","type":"product","link":"https:\/\/casadolivreiro.pt\/index.php\/product\/emigracao-portuguesa-joel-serrao-coleccao-horizonte-12\/","title":{"rendered":"EMIGRA\u00c7\u00c3O PORTUGUESA \u2013 Joel Serr\u00e3o , Colec\u00e7\u00e3o Horizonte #12"},"content":{"rendered":"<p>EMIGRA\u00c7\u00c3O PORTUGUESA \u2013 Joel Serr\u00e3o<\/p>\n<p>Colec\u00e7\u00e3o Horizonte #12<\/p>\n<p>Ano de edi\u00e7\u00e3o: 1974<\/p>\n<p>Editor: Livros Horizonte<\/p>\n<p>Idioma: Portugu\u00eas<\/p>\n<p>Dimens\u00f5es: 12 x 1 x\u00a0 18.5cm<\/p>\n<p>Encaderna\u00e7\u00e3o: Capa mole<\/p>\n<p>P\u00e1ginas: 158 + bibliografia<\/p>\n","protected":false},"excerpt":{"rendered":"<p>EMIGRA\u00c7\u00c3O PORTUGUESA \u2013 Joel Serr\u00e3o Colec\u00e7\u00e3o Horizonte #12 Ano de edi\u00e7\u00e3o: 1974 Editor: Livros Horizonte Idioma: Portugu\u00eas Dimens\u00f5es: 12 x 1 x\u00a0 18.5cm Encaderna\u00e7\u00e3o: Capa mole P\u00e1ginas: 158 + bibliografia<\/p>\n","protected":false},"featured_media":3605,"comment_status":"open","ping_status":"closed","template":"","meta":{"om_disable_all_campaigns":false,"_monsterinsights_skip_tracking":false,"_monsterinsights_sitenote_active":false,"_monsterinsights_sitenote_note":"","_monsterinsights_sitenote_category":0,"_uf_show_specific_survey":0,"_uf_disable_surveys":false},"product_cat":[31,30,51],"product_tag":[],"aioseo_notices":[],"jetpack_sharing_enabled":true,"_links":{"self":[{"href":"https:\/\/casadolivreiro.pt\/index.php\/wp-json\/wp\/v2\/product\/3604"}],"collection":[{"href":"https:\/\/casadolivreiro.pt\/index.php\/wp-json\/wp\/v2\/product"}],"about":[{"href":"https:\/\/casadolivreiro.pt\/index.php\/wp-json\/wp\/v2\/types\/product"}],"replies":[{"embeddable":true,"href":"https:\/\/casadolivreiro.pt\/index.php\/wp-json\/wp\/v2\/comments?post=3604"}],"wp:featuredmedia":[{"embeddable":true,"href":"https:\/\/casadolivreiro.pt\/index.php\/wp-json\/wp\/v2\/media\/3605"}],"wp:attachment":[{"href":"https:\/\/casadolivreiro.pt\/index.php\/wp-json\/wp\/v2\/media?parent=3604"}],"wp:term":[{"taxonomy":"product_cat","embeddable":true,"href":"https:\/\/casadolivreiro.pt\/index.php\/wp-json\/wp\/v2\/product_cat?post=3604"},{"taxonomy":"product_tag","embeddable":true,"href":"https:\/\/casadolivreiro.pt\/index.php\/wp-json\/wp\/v2\/product_tag?post=3604"}],"curies":[{"name":"wp","href":"https:\/\/api.w.org\/{rel}","templated":true}]}}