{"id":3598,"date":"2025-03-25T18:35:37","date_gmt":"2025-03-25T18:35:37","guid":{"rendered":"https:\/\/casadolivreiro.pt\/?post_type=product&#038;p=3598"},"modified":"2025-03-25T18:35:37","modified_gmt":"2025-03-25T18:35:37","slug":"a-russia-sem-memoria-maria-ferretti-dina-khapaeva","status":"publish","type":"product","link":"https:\/\/casadolivreiro.pt\/index.php\/product\/a-russia-sem-memoria-maria-ferretti-dina-khapaeva\/","title":{"rendered":"A R\u00daSSIA SEM MEM\u00d3RIA \u2013 Maria Ferretti, Dina Khapaeva"},"content":{"rendered":"<p>A R\u00daSSIA SEM MEM\u00d3RIA \u2013 Maria Ferretti, Dina Khapaeva<\/p>\n<p>Colec\u00e7\u00e3o Livros Plural<\/p>\n<p>Tradu\u00e7\u00e3o: Pedro Tamem<\/p>\n<p>Ano de edi\u00e7\u00e3o: 1997<\/p>\n<p>Editor: Jo\u00e3o S\u00e1 de Costa<\/p>\n<p>Idioma: Portugu\u00eas<\/p>\n<p>Dimens\u00f5es: 11 x 0.2 x\u00a0 18cm<\/p>\n<p>Encaderna\u00e7\u00e3o: Capa mole<\/p>\n<p>P\u00e1ginas: 60<\/p>\n","protected":false},"excerpt":{"rendered":"<p>A R\u00daSSIA SEM MEM\u00d3RIA \u2013 Maria Ferretti, Dina Khapaeva Colec\u00e7\u00e3o Livros Plural Tradu\u00e7\u00e3o: Pedro Tamem Ano de edi\u00e7\u00e3o: 1997 Editor: Jo\u00e3o S\u00e1 de Costa Idioma: Portugu\u00eas Dimens\u00f5es: 11 x 0.2 x\u00a0 18cm Encaderna\u00e7\u00e3o: Capa mole P\u00e1ginas: 60<\/p>\n","protected":false},"featured_media":3599,"comment_status":"open","ping_status":"closed","template":"","meta":{"om_disable_all_campaigns":false,"_monsterinsights_skip_tracking":false,"_monsterinsights_sitenote_active":false,"_monsterinsights_sitenote_note":"","_monsterinsights_sitenote_category":0,"_uf_show_specific_survey":0,"_uf_disable_surveys":false},"product_cat":[30,59,36],"product_tag":[],"aioseo_notices":[],"jetpack_sharing_enabled":true,"_links":{"self":[{"href":"https:\/\/casadolivreiro.pt\/index.php\/wp-json\/wp\/v2\/product\/3598"}],"collection":[{"href":"https:\/\/casadolivreiro.pt\/index.php\/wp-json\/wp\/v2\/product"}],"about":[{"href":"https:\/\/casadolivreiro.pt\/index.php\/wp-json\/wp\/v2\/types\/product"}],"replies":[{"embeddable":true,"href":"https:\/\/casadolivreiro.pt\/index.php\/wp-json\/wp\/v2\/comments?post=3598"}],"wp:featuredmedia":[{"embeddable":true,"href":"https:\/\/casadolivreiro.pt\/index.php\/wp-json\/wp\/v2\/media\/3599"}],"wp:attachment":[{"href":"https:\/\/casadolivreiro.pt\/index.php\/wp-json\/wp\/v2\/media?parent=3598"}],"wp:term":[{"taxonomy":"product_cat","embeddable":true,"href":"https:\/\/casadolivreiro.pt\/index.php\/wp-json\/wp\/v2\/product_cat?post=3598"},{"taxonomy":"product_tag","embeddable":true,"href":"https:\/\/casadolivreiro.pt\/index.php\/wp-json\/wp\/v2\/product_tag?post=3598"}],"curies":[{"name":"wp","href":"https:\/\/api.w.org\/{rel}","templated":true}]}}