{"id":3590,"date":"2025-03-25T16:51:51","date_gmt":"2025-03-25T16:51:51","guid":{"rendered":"https:\/\/casadolivreiro.pt\/?post_type=product&#038;p=3590"},"modified":"2025-03-25T16:51:51","modified_gmt":"2025-03-25T16:51:51","slug":"forca-para-viver-jamie-buckingham","status":"publish","type":"product","link":"https:\/\/casadolivreiro.pt\/index.php\/product\/forca-para-viver-jamie-buckingham\/","title":{"rendered":"FOR\u00c7A PARA VIVER \u2013 Jamie Buckingham"},"content":{"rendered":"<p>FOR\u00c7A PARA VIVER \u2013 Jamie Buckingham<\/p>\n<p>Ano de edi\u00e7\u00e3o: 1995<\/p>\n<p>Editor: Arthur s. DeMoss Foundation<\/p>\n<p>Idioma: Portugu\u00eas<\/p>\n<p>Dimens\u00f5es: 12.9 x 0.7 x\u00a0 20cm<\/p>\n<p>Encaderna\u00e7\u00e3o: Capa mole<\/p>\n<p>P\u00e1ginas: 138<\/p>\n","protected":false},"excerpt":{"rendered":"<p>FOR\u00c7A PARA VIVER \u2013 Jamie Buckingham Ano de edi\u00e7\u00e3o: 1995 Editor: Arthur s. DeMoss Foundation Idioma: Portugu\u00eas Dimens\u00f5es: 12.9 x 0.7 x\u00a0 20cm Encaderna\u00e7\u00e3o: Capa mole P\u00e1ginas: 138<\/p>\n","protected":false},"featured_media":3591,"comment_status":"open","ping_status":"closed","template":"","meta":{"om_disable_all_campaigns":false,"_monsterinsights_skip_tracking":false,"_monsterinsights_sitenote_active":false,"_monsterinsights_sitenote_note":"","_monsterinsights_sitenote_category":0,"_uf_show_specific_survey":0,"_uf_disable_surveys":false},"product_cat":[33],"product_tag":[],"aioseo_notices":[],"jetpack_sharing_enabled":true,"_links":{"self":[{"href":"https:\/\/casadolivreiro.pt\/index.php\/wp-json\/wp\/v2\/product\/3590"}],"collection":[{"href":"https:\/\/casadolivreiro.pt\/index.php\/wp-json\/wp\/v2\/product"}],"about":[{"href":"https:\/\/casadolivreiro.pt\/index.php\/wp-json\/wp\/v2\/types\/product"}],"replies":[{"embeddable":true,"href":"https:\/\/casadolivreiro.pt\/index.php\/wp-json\/wp\/v2\/comments?post=3590"}],"wp:featuredmedia":[{"embeddable":true,"href":"https:\/\/casadolivreiro.pt\/index.php\/wp-json\/wp\/v2\/media\/3591"}],"wp:attachment":[{"href":"https:\/\/casadolivreiro.pt\/index.php\/wp-json\/wp\/v2\/media?parent=3590"}],"wp:term":[{"taxonomy":"product_cat","embeddable":true,"href":"https:\/\/casadolivreiro.pt\/index.php\/wp-json\/wp\/v2\/product_cat?post=3590"},{"taxonomy":"product_tag","embeddable":true,"href":"https:\/\/casadolivreiro.pt\/index.php\/wp-json\/wp\/v2\/product_tag?post=3590"}],"curies":[{"name":"wp","href":"https:\/\/api.w.org\/{rel}","templated":true}]}}