{"id":3584,"date":"2025-03-25T16:32:23","date_gmt":"2025-03-25T16:32:23","guid":{"rendered":"https:\/\/casadolivreiro.pt\/?post_type=product&#038;p=3584"},"modified":"2025-03-25T16:32:23","modified_gmt":"2025-03-25T16:32:23","slug":"as-realizacoes-de-uma-sociedade-justa-chester-bowles","status":"publish","type":"product","link":"https:\/\/casadolivreiro.pt\/index.php\/product\/as-realizacoes-de-uma-sociedade-justa-chester-bowles\/","title":{"rendered":"AS REALIZA\u00c7\u00d5ES DE UMA SOCIEDADE JUSTA \u2013 Chester Bowles"},"content":{"rendered":"<p>AS REALIZA\u00c7\u00d5ES DE UMA SOCIEDADE JUSTA \u2013 Chester Bowles<\/p>\n<p>Colec\u00e7\u00e3o Divulga\u00e7\u00e3o Cultural<\/p>\n<p>Tradu\u00e7\u00e3o de Giasone Rebu\u00e1<\/p>\n<p>Ano de edi\u00e7\u00e3o: 1964<\/p>\n<p>Editor: Zahar Editores<\/p>\n<p>Idioma: Portugu\u00eas<\/p>\n<p>Dimens\u00f5es: 12.5 x 0.6 x\u00a0 18cm<\/p>\n<p>Encaderna\u00e7\u00e3o: Capa mole<\/p>\n<p>P\u00e1ginas: 87<\/p>\n","protected":false},"excerpt":{"rendered":"<p>AS REALIZA\u00c7\u00d5ES DE UMA SOCIEDADE JUSTA \u2013 Chester Bowles Colec\u00e7\u00e3o Divulga\u00e7\u00e3o Cultural Tradu\u00e7\u00e3o de Giasone Rebu\u00e1 Ano de edi\u00e7\u00e3o: 1964 Editor: Zahar Editores Idioma: Portugu\u00eas Dimens\u00f5es: 12.5 x 0.6 x\u00a0 18cm Encaderna\u00e7\u00e3o: Capa mole P\u00e1ginas: 87<\/p>\n","protected":false},"featured_media":3585,"comment_status":"open","ping_status":"closed","template":"","meta":{"om_disable_all_campaigns":false,"_monsterinsights_skip_tracking":false,"_monsterinsights_sitenote_active":false,"_monsterinsights_sitenote_note":"","_monsterinsights_sitenote_category":0,"_uf_show_specific_survey":0,"_uf_disable_surveys":false},"product_cat":[31,47,29,51],"product_tag":[],"aioseo_notices":[],"jetpack_sharing_enabled":true,"_links":{"self":[{"href":"https:\/\/casadolivreiro.pt\/index.php\/wp-json\/wp\/v2\/product\/3584"}],"collection":[{"href":"https:\/\/casadolivreiro.pt\/index.php\/wp-json\/wp\/v2\/product"}],"about":[{"href":"https:\/\/casadolivreiro.pt\/index.php\/wp-json\/wp\/v2\/types\/product"}],"replies":[{"embeddable":true,"href":"https:\/\/casadolivreiro.pt\/index.php\/wp-json\/wp\/v2\/comments?post=3584"}],"wp:featuredmedia":[{"embeddable":true,"href":"https:\/\/casadolivreiro.pt\/index.php\/wp-json\/wp\/v2\/media\/3585"}],"wp:attachment":[{"href":"https:\/\/casadolivreiro.pt\/index.php\/wp-json\/wp\/v2\/media?parent=3584"}],"wp:term":[{"taxonomy":"product_cat","embeddable":true,"href":"https:\/\/casadolivreiro.pt\/index.php\/wp-json\/wp\/v2\/product_cat?post=3584"},{"taxonomy":"product_tag","embeddable":true,"href":"https:\/\/casadolivreiro.pt\/index.php\/wp-json\/wp\/v2\/product_tag?post=3584"}],"curies":[{"name":"wp","href":"https:\/\/api.w.org\/{rel}","templated":true}]}}