{"id":3582,"date":"2025-03-25T16:30:24","date_gmt":"2025-03-25T16:30:24","guid":{"rendered":"https:\/\/casadolivreiro.pt\/?post_type=product&#038;p=3582"},"modified":"2025-03-25T16:30:24","modified_gmt":"2025-03-25T16:30:24","slug":"cinco-seculos-do-capitalismo-da-idade-moderna-aos-nossos-dias-herlander-machado","status":"publish","type":"product","link":"https:\/\/casadolivreiro.pt\/index.php\/product\/cinco-seculos-do-capitalismo-da-idade-moderna-aos-nossos-dias-herlander-machado\/","title":{"rendered":"CINCO S\u00c9CULOS DO CAPITALISMO: Da idade moderna aos nossos dias \u2013 Herlander Machado"},"content":{"rendered":"<p>CINCO S\u00c9CULOS DO CAPITALISMO: Da idade moderna aos nossos dias \u2013 Herlander Machado<\/p>\n<p>Colec\u00e7\u00e3o Temas de Hist\u00f3ria #3 para os Cursos Complementares do Ensino Secund\u00e1rio<\/p>\n<p>Ano de edi\u00e7\u00e3o: 1976<\/p>\n<p>Editor: Porto Editora<\/p>\n<p>Idioma: Portugu\u00eas<\/p>\n<p>Dimens\u00f5es: 12.4 x 0.8 x\u00a0 18.3cm<\/p>\n<p>Encaderna\u00e7\u00e3o: Capa mole<\/p>\n<p>P\u00e1ginas: 180<\/p>\n","protected":false},"excerpt":{"rendered":"<p>CINCO S\u00c9CULOS DO CAPITALISMO: Da idade moderna aos nossos dias \u2013 Herlander Machado Colec\u00e7\u00e3o Temas de Hist\u00f3ria #3 para os Cursos Complementares do Ensino Secund\u00e1rio Ano de edi\u00e7\u00e3o: 1976 Editor: Porto Editora Idioma: Portugu\u00eas Dimens\u00f5es: 12.4 x 0.8 x\u00a0 18.3cm Encaderna\u00e7\u00e3o: Capa mole P\u00e1ginas: 180<\/p>\n","protected":false},"featured_media":3583,"comment_status":"open","ping_status":"closed","template":"","meta":{"om_disable_all_campaigns":false,"_monsterinsights_skip_tracking":false,"_monsterinsights_sitenote_active":false,"_monsterinsights_sitenote_note":"","_monsterinsights_sitenote_category":0,"_uf_show_specific_survey":0,"_uf_disable_surveys":false},"product_cat":[32,47,30,51],"product_tag":[],"aioseo_notices":[],"jetpack_sharing_enabled":true,"_links":{"self":[{"href":"https:\/\/casadolivreiro.pt\/index.php\/wp-json\/wp\/v2\/product\/3582"}],"collection":[{"href":"https:\/\/casadolivreiro.pt\/index.php\/wp-json\/wp\/v2\/product"}],"about":[{"href":"https:\/\/casadolivreiro.pt\/index.php\/wp-json\/wp\/v2\/types\/product"}],"replies":[{"embeddable":true,"href":"https:\/\/casadolivreiro.pt\/index.php\/wp-json\/wp\/v2\/comments?post=3582"}],"wp:featuredmedia":[{"embeddable":true,"href":"https:\/\/casadolivreiro.pt\/index.php\/wp-json\/wp\/v2\/media\/3583"}],"wp:attachment":[{"href":"https:\/\/casadolivreiro.pt\/index.php\/wp-json\/wp\/v2\/media?parent=3582"}],"wp:term":[{"taxonomy":"product_cat","embeddable":true,"href":"https:\/\/casadolivreiro.pt\/index.php\/wp-json\/wp\/v2\/product_cat?post=3582"},{"taxonomy":"product_tag","embeddable":true,"href":"https:\/\/casadolivreiro.pt\/index.php\/wp-json\/wp\/v2\/product_tag?post=3582"}],"curies":[{"name":"wp","href":"https:\/\/api.w.org\/{rel}","templated":true}]}}