{"id":3580,"date":"2025-03-25T16:15:41","date_gmt":"2025-03-25T16:15:41","guid":{"rendered":"https:\/\/casadolivreiro.pt\/?post_type=product&#038;p=3580"},"modified":"2025-03-25T16:15:41","modified_gmt":"2025-03-25T16:15:41","slug":"camarate-augusto-cid","status":"publish","type":"product","link":"https:\/\/casadolivreiro.pt\/index.php\/product\/camarate-augusto-cid\/","title":{"rendered":"CAMARATE \u2013 Augusto Cid"},"content":{"rendered":"<p>CAMARATE \u2013 Augusto Cid<\/p>\n<p>Ano de edi\u00e7\u00e3o: 1984<\/p>\n<p>Editor: Distri Editora<\/p>\n<p>Idioma: Portugu\u00eas<\/p>\n<p>Dimens\u00f5es: 14 x 4.6 x\u00a0 20.7cm<\/p>\n<p>Encaderna\u00e7\u00e3o: Capa mole<\/p>\n<p>P\u00e1ginas: 898<\/p>\n","protected":false},"excerpt":{"rendered":"<p>CAMARATE \u2013 Augusto Cid Ano de edi\u00e7\u00e3o: 1984 Editor: Distri Editora Idioma: Portugu\u00eas Dimens\u00f5es: 14 x 4.6 x\u00a0 20.7cm Encaderna\u00e7\u00e3o: Capa mole P\u00e1ginas: 898<\/p>\n","protected":false},"featured_media":3581,"comment_status":"open","ping_status":"closed","template":"","meta":{"om_disable_all_campaigns":false,"_monsterinsights_skip_tracking":false,"_monsterinsights_sitenote_active":false,"_monsterinsights_sitenote_note":"","_monsterinsights_sitenote_category":0,"_uf_show_specific_survey":0,"_uf_disable_surveys":false},"product_cat":[36,44,51],"product_tag":[],"aioseo_notices":[],"jetpack_sharing_enabled":true,"_links":{"self":[{"href":"https:\/\/casadolivreiro.pt\/index.php\/wp-json\/wp\/v2\/product\/3580"}],"collection":[{"href":"https:\/\/casadolivreiro.pt\/index.php\/wp-json\/wp\/v2\/product"}],"about":[{"href":"https:\/\/casadolivreiro.pt\/index.php\/wp-json\/wp\/v2\/types\/product"}],"replies":[{"embeddable":true,"href":"https:\/\/casadolivreiro.pt\/index.php\/wp-json\/wp\/v2\/comments?post=3580"}],"wp:featuredmedia":[{"embeddable":true,"href":"https:\/\/casadolivreiro.pt\/index.php\/wp-json\/wp\/v2\/media\/3581"}],"wp:attachment":[{"href":"https:\/\/casadolivreiro.pt\/index.php\/wp-json\/wp\/v2\/media?parent=3580"}],"wp:term":[{"taxonomy":"product_cat","embeddable":true,"href":"https:\/\/casadolivreiro.pt\/index.php\/wp-json\/wp\/v2\/product_cat?post=3580"},{"taxonomy":"product_tag","embeddable":true,"href":"https:\/\/casadolivreiro.pt\/index.php\/wp-json\/wp\/v2\/product_tag?post=3580"}],"curies":[{"name":"wp","href":"https:\/\/api.w.org\/{rel}","templated":true}]}}