{"id":3576,"date":"2025-03-25T16:01:47","date_gmt":"2025-03-25T16:01:47","guid":{"rendered":"https:\/\/casadolivreiro.pt\/?post_type=product&#038;p=3576"},"modified":"2025-03-25T16:01:47","modified_gmt":"2025-03-25T16:01:47","slug":"claudina-de-freitas-guimaraes-chamico-1821-1913-ana-gomes","status":"publish","type":"product","link":"https:\/\/casadolivreiro.pt\/index.php\/product\/claudina-de-freitas-guimaraes-chamico-1821-1913-ana-gomes\/","title":{"rendered":"CLAUDINA DE FREITAS GUIMAR\u00c3ES CHAMI\u00c7O 1821-1913 \u2013 Ana Gomes"},"content":{"rendered":"<p>CLAUDINA DE FREITAS GUIMAR\u00c3ES CHAMI\u00c7O 1821-1913 \u2013 Ana Gomes<\/p>\n<p>Colec\u00e7\u00e3o Benem\u00e9ritos<\/p>\n<p>Ano de edi\u00e7\u00e3o: 2010<\/p>\n<p>Editor: Santa Casa da Miseric\u00f3rdia de Lisboa<\/p>\n<p>Idioma: Portugu\u00eas<\/p>\n<p>Dimens\u00f5es: 14.7 x 1 x\u00a0 21cm<\/p>\n<p>Encaderna\u00e7\u00e3o: Capa mole<\/p>\n<p>P\u00e1ginas: 159<\/p>\n","protected":false},"excerpt":{"rendered":"<p>CLAUDINA DE FREITAS GUIMAR\u00c3ES CHAMI\u00c7O 1821-1913 \u2013 Ana Gomes Colec\u00e7\u00e3o Benem\u00e9ritos Ano de edi\u00e7\u00e3o: 2010 Editor: Santa Casa da Miseric\u00f3rdia de Lisboa Idioma: Portugu\u00eas Dimens\u00f5es: 14.7 x 1 x\u00a0 21cm Encaderna\u00e7\u00e3o: Capa mole P\u00e1ginas: 159<\/p>\n","protected":false},"featured_media":3577,"comment_status":"open","ping_status":"closed","template":"","meta":{"om_disable_all_campaigns":false,"_monsterinsights_skip_tracking":false,"_monsterinsights_sitenote_active":false,"_monsterinsights_sitenote_note":"","_monsterinsights_sitenote_category":0,"_uf_show_specific_survey":0,"_uf_disable_surveys":false},"product_cat":[28,31],"product_tag":[],"aioseo_notices":[],"jetpack_sharing_enabled":true,"_links":{"self":[{"href":"https:\/\/casadolivreiro.pt\/index.php\/wp-json\/wp\/v2\/product\/3576"}],"collection":[{"href":"https:\/\/casadolivreiro.pt\/index.php\/wp-json\/wp\/v2\/product"}],"about":[{"href":"https:\/\/casadolivreiro.pt\/index.php\/wp-json\/wp\/v2\/types\/product"}],"replies":[{"embeddable":true,"href":"https:\/\/casadolivreiro.pt\/index.php\/wp-json\/wp\/v2\/comments?post=3576"}],"wp:featuredmedia":[{"embeddable":true,"href":"https:\/\/casadolivreiro.pt\/index.php\/wp-json\/wp\/v2\/media\/3577"}],"wp:attachment":[{"href":"https:\/\/casadolivreiro.pt\/index.php\/wp-json\/wp\/v2\/media?parent=3576"}],"wp:term":[{"taxonomy":"product_cat","embeddable":true,"href":"https:\/\/casadolivreiro.pt\/index.php\/wp-json\/wp\/v2\/product_cat?post=3576"},{"taxonomy":"product_tag","embeddable":true,"href":"https:\/\/casadolivreiro.pt\/index.php\/wp-json\/wp\/v2\/product_tag?post=3576"}],"curies":[{"name":"wp","href":"https:\/\/api.w.org\/{rel}","templated":true}]}}