{"id":3574,"date":"2025-03-25T15:54:20","date_gmt":"2025-03-25T15:54:20","guid":{"rendered":"https:\/\/casadolivreiro.pt\/?post_type=product&#038;p=3574"},"modified":"2025-03-25T15:54:20","modified_gmt":"2025-03-25T15:54:20","slug":"europa-os-seus-fundamentos-hoje-e-amanha-joseph-ratzinger","status":"publish","type":"product","link":"https:\/\/casadolivreiro.pt\/index.php\/product\/europa-os-seus-fundamentos-hoje-e-amanha-joseph-ratzinger\/","title":{"rendered":"EUROPA: Os seus fundamentos hoje e amanh\u00e3 \u2013 Joseph Ratzinger"},"content":{"rendered":"<p>EUROPA: Os seus fundamentos hoje e amanh\u00e3 \u2013 Joseph Ratzinger<\/p>\n<p>Tradu\u00e7\u00e3o de Ant\u00f3nio Maia da Rocha<\/p>\n<p>Ano de edi\u00e7\u00e3o: 2005<\/p>\n<p>Editor: Paulus Editora<\/p>\n<p>Idioma: Portugu\u00eas<\/p>\n<p>Dimens\u00f5es: 13 x 1.3 x\u00a0 20.5cm<\/p>\n<p>Encaderna\u00e7\u00e3o: Capa mole<\/p>\n<p>P\u00e1ginas: 131<\/p>\n","protected":false},"excerpt":{"rendered":"<p>EUROPA: Os seus fundamentos hoje e amanh\u00e3 \u2013 Joseph Ratzinger Tradu\u00e7\u00e3o de Ant\u00f3nio Maia da Rocha Ano de edi\u00e7\u00e3o: 2005 Editor: Paulus Editora Idioma: Portugu\u00eas Dimens\u00f5es: 13 x 1.3 x\u00a0 20.5cm Encaderna\u00e7\u00e3o: Capa mole P\u00e1ginas: 131<\/p>\n","protected":false},"featured_media":3575,"comment_status":"open","ping_status":"closed","template":"","meta":{"om_disable_all_campaigns":false,"_monsterinsights_skip_tracking":false,"_monsterinsights_sitenote_active":false,"_monsterinsights_sitenote_note":"","_monsterinsights_sitenote_category":0,"_uf_show_specific_survey":0,"_uf_disable_surveys":false},"product_cat":[33,29,51],"product_tag":[],"aioseo_notices":[],"jetpack_sharing_enabled":true,"_links":{"self":[{"href":"https:\/\/casadolivreiro.pt\/index.php\/wp-json\/wp\/v2\/product\/3574"}],"collection":[{"href":"https:\/\/casadolivreiro.pt\/index.php\/wp-json\/wp\/v2\/product"}],"about":[{"href":"https:\/\/casadolivreiro.pt\/index.php\/wp-json\/wp\/v2\/types\/product"}],"replies":[{"embeddable":true,"href":"https:\/\/casadolivreiro.pt\/index.php\/wp-json\/wp\/v2\/comments?post=3574"}],"wp:featuredmedia":[{"embeddable":true,"href":"https:\/\/casadolivreiro.pt\/index.php\/wp-json\/wp\/v2\/media\/3575"}],"wp:attachment":[{"href":"https:\/\/casadolivreiro.pt\/index.php\/wp-json\/wp\/v2\/media?parent=3574"}],"wp:term":[{"taxonomy":"product_cat","embeddable":true,"href":"https:\/\/casadolivreiro.pt\/index.php\/wp-json\/wp\/v2\/product_cat?post=3574"},{"taxonomy":"product_tag","embeddable":true,"href":"https:\/\/casadolivreiro.pt\/index.php\/wp-json\/wp\/v2\/product_tag?post=3574"}],"curies":[{"name":"wp","href":"https:\/\/api.w.org\/{rel}","templated":true}]}}