{"id":3563,"date":"2025-03-24T20:04:28","date_gmt":"2025-03-24T20:04:28","guid":{"rendered":"https:\/\/casadolivreiro.pt\/?post_type=product&#038;p=3563"},"modified":"2025-03-24T20:04:28","modified_gmt":"2025-03-24T20:04:28","slug":"confissoes-de-uma-liberal-maria-filomena-monica","status":"publish","type":"product","link":"https:\/\/casadolivreiro.pt\/index.php\/product\/confissoes-de-uma-liberal-maria-filomena-monica\/","title":{"rendered":"CONFISS\u00d5ES DE UMA LIBERAL \u2013 Maria Filomena M\u00f3nica"},"content":{"rendered":"<p>CONFISS\u00d5ES DE UMA LIBERAL \u2013 Maria Filomena M\u00f3nica<\/p>\n<p>Ano de edi\u00e7\u00e3o: 2007,\u00a0 1.\u00aa edi\u00e7\u00e3o<\/p>\n<p>Editor: Quasi Edi\u00e7\u00f5es<\/p>\n<p>Idioma: Portugu\u00eas<\/p>\n<p>Dimens\u00f5es: 13.3 x 1.2 x\u00a0 20.4cm<\/p>\n<p>Encaderna\u00e7\u00e3o: Capa mole<\/p>\n<p>P\u00e1ginas: 152<\/p>\n","protected":false},"excerpt":{"rendered":"<p>CONFISS\u00d5ES DE UMA LIBERAL \u2013 Maria Filomena M\u00f3nica Ano de edi\u00e7\u00e3o: 2007,\u00a0 1.\u00aa edi\u00e7\u00e3o Editor: Quasi Edi\u00e7\u00f5es Idioma: Portugu\u00eas Dimens\u00f5es: 13.3 x 1.2 x\u00a0 20.4cm Encaderna\u00e7\u00e3o: Capa mole P\u00e1ginas: 152<\/p>\n","protected":false},"featured_media":3564,"comment_status":"open","ping_status":"closed","template":"","meta":{"om_disable_all_campaigns":false,"_monsterinsights_skip_tracking":false,"_monsterinsights_sitenote_active":false,"_monsterinsights_sitenote_note":"","_monsterinsights_sitenote_category":0,"_uf_show_specific_survey":0,"_uf_disable_surveys":false},"product_cat":[31,36],"product_tag":[],"aioseo_notices":[],"jetpack_sharing_enabled":true,"_links":{"self":[{"href":"https:\/\/casadolivreiro.pt\/index.php\/wp-json\/wp\/v2\/product\/3563"}],"collection":[{"href":"https:\/\/casadolivreiro.pt\/index.php\/wp-json\/wp\/v2\/product"}],"about":[{"href":"https:\/\/casadolivreiro.pt\/index.php\/wp-json\/wp\/v2\/types\/product"}],"replies":[{"embeddable":true,"href":"https:\/\/casadolivreiro.pt\/index.php\/wp-json\/wp\/v2\/comments?post=3563"}],"wp:featuredmedia":[{"embeddable":true,"href":"https:\/\/casadolivreiro.pt\/index.php\/wp-json\/wp\/v2\/media\/3564"}],"wp:attachment":[{"href":"https:\/\/casadolivreiro.pt\/index.php\/wp-json\/wp\/v2\/media?parent=3563"}],"wp:term":[{"taxonomy":"product_cat","embeddable":true,"href":"https:\/\/casadolivreiro.pt\/index.php\/wp-json\/wp\/v2\/product_cat?post=3563"},{"taxonomy":"product_tag","embeddable":true,"href":"https:\/\/casadolivreiro.pt\/index.php\/wp-json\/wp\/v2\/product_tag?post=3563"}],"curies":[{"name":"wp","href":"https:\/\/api.w.org\/{rel}","templated":true}]}}