{"id":3553,"date":"2025-03-23T20:34:04","date_gmt":"2025-03-23T20:34:04","guid":{"rendered":"https:\/\/casadolivreiro.pt\/?post_type=product&#038;p=3553"},"modified":"2025-03-23T20:34:05","modified_gmt":"2025-03-23T20:34:05","slug":"legendes-de-catherine-m-recit-jacques-henric","status":"publish","type":"product","link":"https:\/\/casadolivreiro.pt\/index.php\/product\/legendes-de-catherine-m-recit-jacques-henric\/","title":{"rendered":"L\u00c9GENDES DE CATHERINE M. r\u00e9cit \u2013 Jacques Henric"},"content":{"rendered":"<p>L\u00c9GENDES DE CATHERINE M. r\u00e9cit \u2013 Jacques Henric<\/p>\n<p>Ano de edi\u00e7\u00e3o: 2001<\/p>\n<p>Editor: \u00c9ditions Deno\u00ebl, Paris<\/p>\n<p>Idioma: Franc\u00eas<\/p>\n<p>Dimens\u00f5es: 14 x 1.4 x\u00a0 20.6cm<\/p>\n<p>Encaderna\u00e7\u00e3o: Capa mole<\/p>\n<p>P\u00e1ginas: 205<\/p>\n","protected":false},"excerpt":{"rendered":"<p>L\u00c9GENDES DE CATHERINE M. r\u00e9cit \u2013 Jacques Henric Ano de edi\u00e7\u00e3o: 2001 Editor: \u00c9ditions Deno\u00ebl, Paris Idioma: Franc\u00eas Dimens\u00f5es: 14 x 1.4 x\u00a0 20.6cm Encaderna\u00e7\u00e3o: Capa mole P\u00e1ginas: 205<\/p>\n","protected":false},"featured_media":3554,"comment_status":"open","ping_status":"closed","template":"","meta":{"om_disable_all_campaigns":false,"_monsterinsights_skip_tracking":false,"_monsterinsights_sitenote_active":false,"_monsterinsights_sitenote_note":"","_monsterinsights_sitenote_category":0,"_uf_show_specific_survey":0,"_uf_disable_surveys":false},"product_cat":[56],"product_tag":[],"aioseo_notices":[],"jetpack_sharing_enabled":true,"_links":{"self":[{"href":"https:\/\/casadolivreiro.pt\/index.php\/wp-json\/wp\/v2\/product\/3553"}],"collection":[{"href":"https:\/\/casadolivreiro.pt\/index.php\/wp-json\/wp\/v2\/product"}],"about":[{"href":"https:\/\/casadolivreiro.pt\/index.php\/wp-json\/wp\/v2\/types\/product"}],"replies":[{"embeddable":true,"href":"https:\/\/casadolivreiro.pt\/index.php\/wp-json\/wp\/v2\/comments?post=3553"}],"wp:featuredmedia":[{"embeddable":true,"href":"https:\/\/casadolivreiro.pt\/index.php\/wp-json\/wp\/v2\/media\/3554"}],"wp:attachment":[{"href":"https:\/\/casadolivreiro.pt\/index.php\/wp-json\/wp\/v2\/media?parent=3553"}],"wp:term":[{"taxonomy":"product_cat","embeddable":true,"href":"https:\/\/casadolivreiro.pt\/index.php\/wp-json\/wp\/v2\/product_cat?post=3553"},{"taxonomy":"product_tag","embeddable":true,"href":"https:\/\/casadolivreiro.pt\/index.php\/wp-json\/wp\/v2\/product_tag?post=3553"}],"curies":[{"name":"wp","href":"https:\/\/api.w.org\/{rel}","templated":true}]}}