{"id":3551,"date":"2025-03-23T20:26:11","date_gmt":"2025-03-23T20:26:11","guid":{"rendered":"https:\/\/casadolivreiro.pt\/?post_type=product&#038;p=3551"},"modified":"2025-03-23T20:26:11","modified_gmt":"2025-03-23T20:26:11","slug":"se-israel-perdesse-a-guerra-richard-z-chesnoff-edward-klein-e-robert-littell","status":"publish","type":"product","link":"https:\/\/casadolivreiro.pt\/index.php\/product\/se-israel-perdesse-a-guerra-richard-z-chesnoff-edward-klein-e-robert-littell\/","title":{"rendered":"SE ISRAEL PERDESSE A GUERRA \u2013 Richard Z. Chesnoff, Edward Klein, e Robert Littell"},"content":{"rendered":"<p>SE ISRAEL PERDESSE A GUERRA \u2013 Richard Z. Chesnoff, Edward Klein, e Robert Littell<\/p>\n<p>Tradu\u00e7\u00e3o de Maria C\u00e2ndida do Lago<\/p>\n<p>Ano de edi\u00e7\u00e3o: 1970<\/p>\n<p>Editor: Editorial In\u00edcio, Lisboa<\/p>\n<p>Idioma: Portugu\u00eas<\/p>\n<p>Dimens\u00f5es: 14 x 2.8 x\u00a0 19.4cm<\/p>\n<p>Encaderna\u00e7\u00e3o: Capa mole<\/p>\n<p>P\u00e1ginas: 388<\/p>\n","protected":false},"excerpt":{"rendered":"<p>SE ISRAEL PERDESSE A GUERRA \u2013 Richard Z. Chesnoff, Edward Klein, e Robert Littell Tradu\u00e7\u00e3o de Maria C\u00e2ndida do Lago Ano de edi\u00e7\u00e3o: 1970 Editor: Editorial In\u00edcio, Lisboa Idioma: Portugu\u00eas Dimens\u00f5es: 14 x 2.8 x\u00a0 19.4cm Encaderna\u00e7\u00e3o: Capa mole P\u00e1ginas: 388<\/p>\n","protected":false},"featured_media":3552,"comment_status":"open","ping_status":"closed","template":"","meta":{"om_disable_all_campaigns":false,"_monsterinsights_skip_tracking":false,"_monsterinsights_sitenote_active":false,"_monsterinsights_sitenote_note":"","_monsterinsights_sitenote_category":0,"_uf_show_specific_survey":0,"_uf_disable_surveys":false},"product_cat":[31,51],"product_tag":[],"aioseo_notices":[],"jetpack_sharing_enabled":true,"_links":{"self":[{"href":"https:\/\/casadolivreiro.pt\/index.php\/wp-json\/wp\/v2\/product\/3551"}],"collection":[{"href":"https:\/\/casadolivreiro.pt\/index.php\/wp-json\/wp\/v2\/product"}],"about":[{"href":"https:\/\/casadolivreiro.pt\/index.php\/wp-json\/wp\/v2\/types\/product"}],"replies":[{"embeddable":true,"href":"https:\/\/casadolivreiro.pt\/index.php\/wp-json\/wp\/v2\/comments?post=3551"}],"wp:featuredmedia":[{"embeddable":true,"href":"https:\/\/casadolivreiro.pt\/index.php\/wp-json\/wp\/v2\/media\/3552"}],"wp:attachment":[{"href":"https:\/\/casadolivreiro.pt\/index.php\/wp-json\/wp\/v2\/media?parent=3551"}],"wp:term":[{"taxonomy":"product_cat","embeddable":true,"href":"https:\/\/casadolivreiro.pt\/index.php\/wp-json\/wp\/v2\/product_cat?post=3551"},{"taxonomy":"product_tag","embeddable":true,"href":"https:\/\/casadolivreiro.pt\/index.php\/wp-json\/wp\/v2\/product_tag?post=3551"}],"curies":[{"name":"wp","href":"https:\/\/api.w.org\/{rel}","templated":true}]}}