{"id":355,"date":"2024-03-10T02:09:50","date_gmt":"2024-03-10T02:09:50","guid":{"rendered":"https:\/\/casadolivreiro.pt\/?post_type=product&#038;p=355"},"modified":"2024-03-10T02:09:50","modified_gmt":"2024-03-10T02:09:50","slug":"the-lost-tomb-the-greatest-discovery-at-the-valley-of-the-kings-since-tutankhamun-kent-weeks","status":"publish","type":"product","link":"https:\/\/casadolivreiro.pt\/index.php\/product\/the-lost-tomb-the-greatest-discovery-at-the-valley-of-the-kings-since-tutankhamun-kent-weeks\/","title":{"rendered":"THE LOST TOMB: The Greatest Discovery at the Valley of the Kings since Tutankhamun &#8211; Kent Weeks"},"content":{"rendered":"<p>THE LOST TOMB: The Greatest Discovery at the Valley of the Kings since Tutankhamun<br \/>\nKent Weeks<br \/>\nISBN: 0-75380-681-9<br \/>\nEditor: Phoenix, London, UK<br \/>\nData de Lan\u00e7amento: 1997<br \/>\nIdioma:\u00a0 Ingl\u00eas<br \/>\nDimens\u00f5es: 13 x 2.4 x 19.6 cm<br \/>\nEncaderna\u00e7\u00e3o: Capa mole<br \/>\nP\u00e1ginas: 330<\/p>\n","protected":false},"excerpt":{"rendered":"<p>THE LOST TOMB: The Greatest Discovery at the Valley of the Kings since Tutankhamun Kent Weeks ISBN: 0-75380-681-9 Editor: Phoenix, London, UK Data de Lan\u00e7amento: 1997 Idioma:\u00a0 Ingl\u00eas Dimens\u00f5es: 13 x 2.4 x 19.6 cm Encaderna\u00e7\u00e3o: Capa mole P\u00e1ginas: 330<\/p>\n","protected":false},"featured_media":356,"comment_status":"open","ping_status":"closed","template":"","meta":{"om_disable_all_campaigns":false,"_monsterinsights_skip_tracking":false,"_monsterinsights_sitenote_active":false,"_monsterinsights_sitenote_note":"","_monsterinsights_sitenote_category":0,"_uf_show_specific_survey":0,"_uf_disable_surveys":false},"product_cat":[33,30,62],"product_tag":[],"aioseo_notices":[],"jetpack_sharing_enabled":true,"_links":{"self":[{"href":"https:\/\/casadolivreiro.pt\/index.php\/wp-json\/wp\/v2\/product\/355"}],"collection":[{"href":"https:\/\/casadolivreiro.pt\/index.php\/wp-json\/wp\/v2\/product"}],"about":[{"href":"https:\/\/casadolivreiro.pt\/index.php\/wp-json\/wp\/v2\/types\/product"}],"replies":[{"embeddable":true,"href":"https:\/\/casadolivreiro.pt\/index.php\/wp-json\/wp\/v2\/comments?post=355"}],"wp:featuredmedia":[{"embeddable":true,"href":"https:\/\/casadolivreiro.pt\/index.php\/wp-json\/wp\/v2\/media\/356"}],"wp:attachment":[{"href":"https:\/\/casadolivreiro.pt\/index.php\/wp-json\/wp\/v2\/media?parent=355"}],"wp:term":[{"taxonomy":"product_cat","embeddable":true,"href":"https:\/\/casadolivreiro.pt\/index.php\/wp-json\/wp\/v2\/product_cat?post=355"},{"taxonomy":"product_tag","embeddable":true,"href":"https:\/\/casadolivreiro.pt\/index.php\/wp-json\/wp\/v2\/product_tag?post=355"}],"curies":[{"name":"wp","href":"https:\/\/api.w.org\/{rel}","templated":true}]}}